{"id":2840,"date":"2022-08-02T03:06:06","date_gmt":"2022-08-02T02:06:06","guid":{"rendered":"https:\/\/melides-group.com\/?page_id=2840"},"modified":"2023-09-22T16:31:20","modified_gmt":"2023-09-22T15:31:20","slug":"golden-visa-nhr-visa-d7","status":"publish","type":"page","link":"https:\/\/melides-group.com\/pt\/visto-dourado-nhr-visa-d7\/","title":{"rendered":"Golden Visa, NHR, Visa D7"},"content":{"rendered":"<div data-elementor-type=\"wp-page\" data-elementor-id=\"2840\" class=\"elementor elementor-2840\" data-elementor-post-type=\"page\">\n\t\t\t\t\t\t<section class=\"elementor-section elementor-top-section elementor-element elementor-element-40eacc9 elementor-section-content-middle popup elementor-section-boxed elementor-section-height-default elementor-section-height-default\" data-id=\"40eacc9\" data-element_type=\"section\" data-e-type=\"section\" data-settings=\"{&quot;jet_parallax_layout_list&quot;:[]}\">\n\t\t\t\t\t\t<div class=\"elementor-container elementor-column-gap-no\">\n\t\t\t\t\t<div class=\"elementor-column elementor-col-100 elementor-top-column elementor-element elementor-element-bc364ed\" data-id=\"bc364ed\" data-element_type=\"column\" data-e-type=\"column\">\n\t\t\t<div class=\"elementor-widget-wrap elementor-element-populated\">\n\t\t\t\t\t\t<section class=\"elementor-section elementor-inner-section elementor-element elementor-element-6ba0512 elementor-section-boxed elementor-section-height-default elementor-section-height-default\" data-id=\"6ba0512\" data-element_type=\"section\" data-e-type=\"section\" data-settings=\"{&quot;jet_parallax_layout_list&quot;:[]}\">\n\t\t\t\t\t\t<div class=\"elementor-container elementor-column-gap-default\">\n\t\t\t\t\t<div class=\"elementor-column elementor-col-100 elementor-inner-column elementor-element elementor-element-7ffd815\" data-id=\"7ffd815\" data-element_type=\"column\" data-e-type=\"column\">\n\t\t\t<div class=\"elementor-widget-wrap elementor-element-populated\">\n\t\t\t\t\t\t<div class=\"elementor-element elementor-element-ecae61f elementor-widget elementor-widget-heading\" data-id=\"ecae61f\" data-element_type=\"widget\" data-e-type=\"widget\" data-widget_type=\"heading.default\">\n\t\t\t\t<div class=\"elementor-widget-container\">\n\t\t\t\t\t<h2 class=\"elementor-heading-title elementor-size-default\">Golden Visa, NHR, Visa D7<\/h2>\t\t\t\t<\/div>\n\t\t\t\t<\/div>\n\t\t\t\t<div class=\"elementor-element elementor-element-0d2e673 elementor-widget-divider--view-line elementor-widget elementor-widget-divider\" data-id=\"0d2e673\" data-element_type=\"widget\" data-e-type=\"widget\" data-widget_type=\"divider.default\">\n\t\t\t\t<div class=\"elementor-widget-container\">\n\t\t\t\t\t\t\t<div class=\"elementor-divider\">\n\t\t\t<span class=\"elementor-divider-separator\">\n\t\t\t\t\t\t<\/span>\n\t\t<\/div>\n\t\t\t\t\t\t<\/div>\n\t\t\t\t<\/div>\n\t\t\t\t<div class=\"elementor-element elementor-element-80008cc elementor-widget elementor-widget-text-editor\" data-id=\"80008cc\" data-element_type=\"widget\" data-e-type=\"widget\" data-widget_type=\"text-editor.default\">\n\t\t\t\t<div class=\"elementor-widget-container\">\n\t\t\t\t\t\t\t\t\t<p><\/p>\n<h5 dir=\"ltr\" style=\"text-align: center;\"><span style=\"color: #ff0000;\"><strong>Uma nova lei ser\u00e1 implementada gradualmente em 2023 pelo governo portugu\u00eas que acabar\u00e1 com a vantagem dos vistos gold para investimentos estrangeiros. <\/strong><\/span><\/h5>\n<h5 dir=\"ltr\" style=\"text-align: center;\"><span style=\"color: #ff0000;\"><strong>Ent\u00e3o corra, antes que seja tarde demais!<\/strong><\/span><\/h5>\n<hr \/>\n<p>\u00a0<\/p>\n<h6><strong>Golden Visa de Portugal - Uma Nova Paisagem<\/strong><\/h6>\n<p><\/p>\n<p>O ano de 2022 marcou o in\u00edcio das novas regras para o estatuto de Golden Visa, definidas pelo governo portugu\u00eas e que entraram em vigor em 01 de janeiro de 2022. Se apresentou o seu pedido em 2021, estas novas regras n\u00e3o lhe s\u00e3o aplic\u00e1veis. No entanto, quem iniciou o processo em 2022, enfrenta uma paisagem muito diferente.<\/p>\n<p><\/p>\n<p>Pelas not\u00edcias de Portugal<\/p>\n<p><\/p>\n<h5><strong>O Golden Visa<\/strong><\/h5>\n<p><\/p>\n<p>O Golden Visa foi implementado pela primeira vez em 2012. Antes disso, o mundo enfrentava o rescaldo da Crise Financeira Global (GFC) que nos atingiu a todos com for\u00e7a e, em particular, Portugal. O pa\u00eds j\u00e1 estava sob o efeito de uma recess\u00e3o iniciada em 2003 e o impacto do GFC s\u00f3 piorou. Como resposta, a par dos est\u00edmulos monet\u00e1rios do Banco Central Europeu (BCE), o governo tomou medidas para incentivar o investimento estrangeiro no pa\u00eds para estimular a economia.<\/p>\n<p><\/p>\n<p>Um dos m\u00e9todos mais bem sucedidos implementados tem sido, sem d\u00favida, o \"Golden Visa\", que oferece resid\u00eancia em Portugal atrav\u00e9s de investimento. O regime foi respons\u00e1vel pela recolha de quase 6 mil milh\u00f5es de euros desde a sua cria\u00e7\u00e3o.<\/p>\n<p><\/p>\n<h6><strong>Quem se qualifica?<\/strong><\/h6>\n<p><\/p>\n<p>Qualquer pessoa que viva fora da UE\/EEE\/Su\u00ed\u00e7a pode candidatar-se, desde que n\u00e3o tenha antecedentes criminais. Ser\u00e3o obrigados a investir num dos seguintes: imobili\u00e1rio ou fundo de capital de risco, transferir uma grande quantidade de capital, formar uma empresa e criar pelo menos 5 novos postos de trabalho ou doar dinheiro ao Estado para investiga\u00e7\u00e3o ou patrim\u00f3nio nacional.<\/p>\n<p><\/p>\n<p>De todos os m\u00e9todos de qualifica\u00e7\u00e3o, o investimento em imobili\u00e1rio tem sido, de longe, o mais popular.<\/p>\n<p><\/p>\n<h6><strong>As Novas Regras<\/strong><\/h6>\n<p><\/p>\n<p>Das mudan\u00e7as que ocorreram desde 1 de janeiro<sup>\u00ba<\/sup>, o mais significativo est\u00e1 precisamente relacionado com o mercado imobili\u00e1rio em Portugal. At\u00e9 ao final de 2021, isso obrigava os candidatos a comprar im\u00f3veis em qualquer parte de Portugal por 500 mil euros.<\/p>\n<p><\/p>\n<p>Apesar de o montante m\u00ednimo de investimento de 500.000 euros n\u00e3o ser ausso, os candidatos j\u00e1 n\u00e3o podem adquirir im\u00f3veis localizados em Lisboa, No Porto ou em grandes partes do Algarve, com a maior parte do litoral a tornar-se n\u00e3o qualificada. As ilhas da Madeira ou dos A\u00e7ores ainda s\u00e3o totalmente eleg\u00edveis para isso, bem como a maior parte do interior de Portugal.<\/p>\n<p><\/p>\n<p>Al\u00e9m disso, tamb\u00e9m entraram em vigor outros requisitos, tais como:<\/p>\n<p><\/p>\n<p>\u2013 a aquisi\u00e7\u00e3o m\u00ednima de unidades em determinados fundos de investimento em conformidade passou de \u20ac350.000 para \u20ac500.000;<\/p>\n<p><\/p>\n<p>\u2013 a transfer\u00eancia m\u00ednima de capital de \u20ac1.000.000 \u00e9 agora de \u20ac1.500.000;<\/p>\n<p><\/p>\n<p>\u2013 o investimento m\u00ednimo em atividades de I&amp;D (Research &amp; Development) \u00e9 tamb\u00e9m agora de \u20ac500.000 dos anteriores \u20ac350.000,<\/p>\n<p><\/p>\n<p>\u2013 um limite inferior que tamb\u00e9m \u00e9 aplic\u00e1vel no caso de querer abrir uma empresa em Portugal e criar um m\u00ednimo de 5 postos de trabalho.<\/p>\n<p><\/p>\n<h6><strong>Os Benef\u00edcios<\/strong><\/h6>\n<p><\/p>\n<p>O regime Golden Visa \u00e9 formalmente conhecido como autoriza\u00e7\u00e3o de resid\u00eancia para atividade de investimento (ARI). Isto d\u00e1 aos indiv\u00edduos fora da UE a possibilidade de se candidatarem \u00e0 cidadania portuguesa ap\u00f3s 5 anos do seu investimento sem terem de residir permanentemente em Portugal. Durante os anos intercalares, a sua autoriza\u00e7\u00e3o de resid\u00eancia permitir-lhes-\u00e1 o acesso sem visto a outros Estados Schengen e o direito de viver e trabalhar em Portugal, embora n\u00e3o exista obriga\u00e7\u00e3o de o fazer. Os candidatos tamb\u00e9m podem incluir membros da sua fam\u00edlia imediata no mesmo pedido de visto, o que faz com que seja uma grande oportunidade para dar a toda a fam\u00edlia um novo come\u00e7o numa parte t\u00e3o bonita do mundo.<\/p>\n<p><\/p>\n<p>N\u00e3o h\u00e1 implica\u00e7\u00f5es fiscais para os candidatos ao regime, a menos que opte por passar mais de 183 dias do ano no pa\u00eds, caso em que seria classificado como residente fiscal. Se for esse o caso, existem benef\u00edcios a ter atrav\u00e9s do programa De Resid\u00eancia N\u00e3o Habitual (RAM), que pode oferecer isen\u00e7\u00e3o fiscal para os seus primeiros 10 anos de resid\u00eancia.<\/p>\n<p><\/p>\n<h6><strong>Os Benef\u00edcios do Estatuto de Residente N\u00e3o Habitual<\/strong><\/h6>\n<p><\/p>\n<p>Ao longo dos \u00faltimos anos, Portugal tem desenvolvido uma reputa\u00e7\u00e3o como o novo para\u00edso fiscal para indiv\u00edduos ricos e de elevado patrim\u00f3nio l\u00edquido<\/p>\n<p><\/p>\n<p>Pelas not\u00edcias de Portugal<\/p>\n<p><\/p>\n<p>Todas estas pessoas desejam alcan\u00e7ar a otimiza\u00e7\u00e3o fiscal deslocando-se para um pa\u00eds da UE amig\u00e1vel, discreto e seguro. Podem faz\u00ea-lo atrav\u00e9s de um regime fiscal especial, para residentes n\u00e3o habituais (RAM), que apresenta muitos benef\u00edcios fiscais atraentes.<\/p>\n<p><\/p>\n<p>O programa oferece benef\u00edcios fiscais a algumas fontes de rendimento estrangeiras. Por exemplo, pode receber o seu rendimento de pens\u00e3o pagando apenas 10% de imposto; Estar isento de impostos sobre os rendimentos de dividendos e royalties; ter direito a uma taxa fixa de 20% sobre determinados rendimentos de origem estrangeira, isto para mencionar apenas os principais benef\u00edcios. Vale tamb\u00e9m a pena ter em conta que n\u00e3o existe um imposto sobre a riqueza ou a heran\u00e7a no \u00e2mbito do sistema portugu\u00eas.<\/p>\n<p><\/p>\n<p>Para se candidatar ao regime de PLIR, um indiv\u00edduo precisa de se tornar um portugu\u00eas residente, portanto um contribuinte portugu\u00eas \u2013 n\u00e3o tendo sido assim nos cinco anos anteriores ao pedido e outra exig\u00eancia \u00e9 que possam passar pelo menos 183 dias por ano fiscal em Portugal. Tendo cumprido estes e alguns outros requisitos, s\u00e3o ent\u00e3o livres para usufruir dos benef\u00edcios desta tributa\u00e7\u00e3o por um per\u00edodo de 10 anos consecutivos \u2013 verdadeira estabilidade fiscal.<\/p>\n<p><\/p>\n<p>Al\u00e9m dos benef\u00edcios ao abrigo do regime de RES, Portugal como jurisdi\u00e7\u00e3o tem um regime fiscal muito favor\u00e1vel, eis alguns destaques:<\/p>\n<p><\/p>\n<p>Sem doa\u00e7\u00e3o e imposto sucess\u00f3rio para bens fora de Portugal. As heran\u00e7as ou dons de bens portugueses ao c\u00f4njuge, descendentes ou ascendentes est\u00e3o isentos de impostos.<\/p>\n<p><\/p>\n<p>Os donativos a outros indiv\u00edduos est\u00e3o sujeitos a uma taxa fixa de imposto de selo de 10%.<\/p>\n<p><\/p>\n<p>Sem imposto sobre a riqueza e remessas gratuitas de fundos para Portugal ou para o estrangeiro.<\/p>\n<p><\/p>\n<p>O tratamento ben\u00e9fico para as pens\u00f5es e outros produtos de seguros de vida pode igualmente reduzir significativamente a carga fiscal efetiva sobre o capital investido.<\/p>\n<p><\/p>\n<p>As empresas portuguesas podem tirar partido das regras da UE em mat\u00e9ria de n\u00e3o discrimina\u00e7\u00e3o e das diretivas da UE relativas a fus\u00f5es, dividendos, juros e royalties, bem como aos Tratados de Dupla Tributa\u00e7\u00e3o (TDT) assinados por Portugal.<\/p>\n<p><\/p>\n<p>Os dividendos e mais-valias obtidos por empresas portuguesas podem beneficiar de um regime de isen\u00e7\u00e3o de participa\u00e7\u00e3o, tornando Portugal uma localiza\u00e7\u00e3o interessante para investimentos no estrangeiro.<\/p>\n<p><\/p>\n<h6><strong>O Visto D7 \u2013 Permitir a resid\u00eancia tempor\u00e1ria de cidad\u00e3os n\u00e3o comunit\u00e1rios em Portugal<\/strong><\/h6>\n<p><\/p>\n<p>Nos \u00faltimos dois anos tanto o Golden Visa como o N\u00e3o Habitual De resid\u00eancia sofreram algumas altera\u00e7\u00f5es limit\u00eddas, o que teve impacto nas aplica\u00e7\u00f5es de clientes que pretendiam investir em Portugal. Como forma de garantir resid\u00eancia e facilidade de desloca\u00e7\u00e3o dentro do Espa\u00e7o Schengen, Portugal sempre foi visto como um destino l\u00edder para investidores e fam\u00edlias.<\/p>\n<p><\/p>\n<p>Por Portugal residente<\/p>\n<p><\/p>\n<p>O Visto D7, mais conhecido como Visto de Aposentadoria ou Visto de Rendimento Passivo, foi introduzido em 2007 pelo Governo portugu\u00eas. Este Visto permite que cidad\u00e3os n\u00e3o comunit\u00e1rios\/EEE\/Su\u00ed\u00e7os solicitem resid\u00eancia tempor\u00e1ria em Portugal, condicionada a que o requerente tenha recebido um rendimento passivo razo\u00e1vel e regular.<\/p>\n<p><\/p>\n<h6><strong>Quais os benef\u00edcios que os candidatos podem esperar do visto D7:<\/strong><\/h6>\n<p><\/p>\n<p><strong>1 &#8211;<\/strong> Permiss\u00e3o para viver, trabalhar e\/ou estudar em Portugal<\/p>\n<p><\/p>\n<p><strong>2<\/strong> \u2013 O requerente pode estender o processo para filhos e pais<\/p>\n<p><\/p>\n<p><strong>3 &#8211;<\/strong> Viagens n\u00e3o dependentes de visto no Espa\u00e7o Schengen<\/p>\n<p><\/p>\n<p><strong>4 &#8211;<\/strong> A oportunidade de estabelecer um neg\u00f3cio ou aceitar um emprego em Portugal<\/p>\n<p><\/p>\n<p><strong>5 &#8211;<\/strong> Eventualmente, aproveite os benef\u00edcios fiscais ao solicitar o Regime de Resid\u00eancia N\u00e3o Habitual<\/p>\n<p><\/p>\n<p><strong>6 &#8211;<\/strong> Ap\u00f3s um per\u00edodo de 5 anos em que se segue a renova\u00e7\u00e3o dos pedidos de visto, o requerente \u00e9 eleg\u00edvel para se qualificar para a resid\u00eancia permanente ou cidadania portuguesa<\/p>\n<p><\/p>\n<p><\/p>\n<p><strong>7 &#8211;<\/strong> Direitos de residente em Portugal, que incluem cuidados de sa\u00fade e educa\u00e7\u00e3o<\/p>\n<p><\/p>\n<h6><strong>Quais s\u00e3o os requisitos para a elegibilidade do visto D7?<\/strong><\/h6>\n<p><\/p>\n<p><strong>1 &#8211;<\/strong> \u00c9 um cidad\u00e3o fora da UE\/EEA\/su\u00ed\u00e7o<\/p>\n<p><\/p>\n<p><strong>2 &#8211;<\/strong> Prova de fundos para ser financeiramente autossustent\u00e1vel durante a estadia em Portugal<\/p>\n<p><\/p>\n<p><strong>3 &#8211;<\/strong> Uma ficha criminal limpa<\/p>\n<p><\/p>\n<p><strong>4 &#8211;<\/strong> Comprovante de endere\u00e7o de resid\u00eancia em Portugal<\/p>\n<p><\/p>\n<p><strong>5 &#8211;<\/strong> Passar um m\u00ednimo de 16 meses em Portugal nos primeiros 2 anos de aplica\u00e7\u00e3o<\/p>\n<p><\/p>\n<h6><strong>Quais s\u00e3o os requisitos de rendimento passivo para a elegibilidade do visto D7?<\/strong><\/h6>\n<p><\/p>\n<p><strong>1 &#8211;<\/strong> Prova de uma renda passiva regular, derivada de uma pens\u00e3o, alugu\u00e9is, dividendos ou investimentos financeiros<\/p>\n<p><\/p>\n<p><strong>2 &#8211;<\/strong> Existem requisitos m\u00ednimos de renda. No entanto, estes dependem do n\u00famero de dependentes inclu\u00eddos no aplicativo. O candidato deve comprovar uma renda passiva m\u00ednima de \u20ac 8.460 por ano (+50% para c\u00f4njuge e +30% para filho)<\/p>\n<p><\/p>\n<p><\/p>\n<p><\/p>\n<p><strong>3 &#8211;<\/strong> \u00c9 aconselh\u00e1vel que o requerente detenha um montante equivalente a 12 meses de rendimentos numa conta banc\u00e1ria portuguesa<\/p>\n<p><\/p>\n<p>Poder\u00e1 o D7 Passive Income Visa ser a resposta para os nacionais do Reino Unido ap\u00f3s o Brexit? Dadas as mais recentes altera\u00e7\u00f5es de investimento para a aplica\u00e7\u00e3o de um Golden Visa, o Visto D7 pode ser a resposta para os cidad\u00e3os brit\u00e2nicos que ou n\u00e3o podem pagar o investimento imobili\u00e1rio ou n\u00e3o encontram a sua casa no local certo.<\/p>\n<p><\/p>\n<p>O Visto D7 permite que os cidad\u00e3os do Reino Unido recuperem os direitos da UE que foram perdidos ap\u00f3s o Brexit, onde ap\u00f3s os 6 anos pode ser obtida uma resid\u00eancia permanente ou uma poss\u00edvel cidadania. Isto n\u00e3o s\u00f3 oferece liberdade quando viaja para Portugal, mas tamb\u00e9m para uma viagem pelo espa\u00e7o Schengen, a par de ter direito a trabalhar, estudar e viver em qualquer pa\u00eds da UE.<\/p>\n<p><\/p>\t\t\t\t\t\t\t\t<\/div>\n\t\t\t\t<\/div>\n\t\t\t\t\t<\/div>\n\t\t<\/div>\n\t\t\t\t\t<\/div>\n\t\t<\/section>\n\t\t\t\t\t<\/div>\n\t\t<\/div>\n\t\t\t\t\t<\/div>\n\t\t<\/section>\n\t\t\t\t<\/div>","protected":false},"excerpt":{"rendered":"<p>Golden Visa, NHR, Visa D7 A new law will be implemented gradually in 2023 by the Portuguese gouvernement that will terminate the advantage of the golden visas for foreign investments. So hurry, before it is too late ! &nbsp; Portugal\u2019s Golden Visa \u2013 A New Landscape The year 2022 marked the beginning of the new &hellip;<\/p>\n<p class=\"read-more\"> <a class=\"\" href=\"https:\/\/melides-group.com\/pt\/visto-dourado-nhr-visa-d7\/\"> <span class=\"screen-reader-text\">Golden Visa, NHR, Visa D7<\/span> Ler mais &raquo;<\/a><\/p>","protected":false},"author":1,"featured_media":0,"parent":0,"menu_order":0,"comment_status":"closed","ping_status":"closed","template":"","meta":{"_monsterinsights_skip_tracking":false,"_monsterinsights_sitenote_active":false,"_monsterinsights_sitenote_note":"","_monsterinsights_sitenote_category":0,"site-sidebar-layout":"no-sidebar","site-content-layout":"page-builder","ast-site-content-layout":"full-width-container","site-content-style":"unboxed","site-sidebar-style":"unboxed","ast-global-header-display":"","ast-banner-title-visibility":"","ast-main-header-display":"","ast-hfb-above-header-display":"","ast-hfb-below-header-display":"","ast-hfb-mobile-header-display":"","site-post-title":"disabled","ast-breadcrumbs-content":"","ast-featured-img":"disabled","footer-sml-layout":"","theme-transparent-header-meta":"default","adv-header-id-meta":"","stick-header-meta":"","header-above-stick-meta":"","header-main-stick-meta":"","header-below-stick-meta":"","astra-migrate-meta-layouts":"set","footnotes":""},"class_list":["post-2840","page","type-page","status-publish","hentry"],"yoast_head":"<!-- This site is optimized with the Yoast SEO plugin v27.6 - https:\/\/yoast.com\/product\/yoast-seo-wordpress\/ -->\n<title>Golden Visa, NHR, Visa D7 | Melides Group<\/title>\n<meta name=\"robots\" content=\"index, follow, max-snippet:-1, max-image-preview:large, max-video-preview:-1\" \/>\n<link rel=\"canonical\" href=\"https:\/\/melides-group.com\/pt\/visto-dourado-nhr-visa-d7\/\" \/>\n<meta property=\"og:locale\" content=\"pt_PT\" \/>\n<meta property=\"og:type\" content=\"article\" \/>\n<meta property=\"og:title\" content=\"Golden Visa, NHR, Visa D7 | Melides Group\" \/>\n<meta property=\"og:description\" content=\"Golden Visa, NHR, Visa D7 A new law will be implemented gradually in 2023 by the Portuguese gouvernement that will terminate the advantage of the golden visas for foreign investments. So hurry, before it is too late ! &nbsp; Portugal\u2019s Golden Visa \u2013 A New Landscape The year 2022 marked the beginning of the new &hellip; Golden Visa, NHR, Visa D7 Ler mais &raquo;\" \/>\n<meta property=\"og:url\" content=\"https:\/\/melides-group.com\/pt\/visto-dourado-nhr-visa-d7\/\" \/>\n<meta property=\"og:site_name\" content=\"Melides Group\" \/>\n<meta property=\"article:modified_time\" content=\"2023-09-22T15:31:20+00:00\" \/>\n<meta name=\"twitter:card\" content=\"summary_large_image\" \/>\n<meta name=\"twitter:label1\" content=\"Tempo estimado de leitura\" \/>\n\t<meta name=\"twitter:data1\" content=\"7 minutos\" \/>\n<script type=\"application\/ld+json\" class=\"yoast-schema-graph\">{\"@context\":\"https:\\\/\\\/schema.org\",\"@graph\":[{\"@type\":\"WebPage\",\"@id\":\"https:\\\/\\\/melides-group.com\\\/golden-visa-nhr-visa-d7\\\/\",\"url\":\"https:\\\/\\\/melides-group.com\\\/golden-visa-nhr-visa-d7\\\/\",\"name\":\"Golden Visa, NHR, Visa D7 | Melides Group\",\"isPartOf\":{\"@id\":\"https:\\\/\\\/melides-group.com\\\/en\\\/#website\"},\"datePublished\":\"2022-08-02T02:06:06+00:00\",\"dateModified\":\"2023-09-22T15:31:20+00:00\",\"breadcrumb\":{\"@id\":\"https:\\\/\\\/melides-group.com\\\/golden-visa-nhr-visa-d7\\\/#breadcrumb\"},\"inLanguage\":\"pt-PT\",\"potentialAction\":[{\"@type\":\"ReadAction\",\"target\":[\"https:\\\/\\\/melides-group.com\\\/golden-visa-nhr-visa-d7\\\/\"]}]},{\"@type\":\"BreadcrumbList\",\"@id\":\"https:\\\/\\\/melides-group.com\\\/golden-visa-nhr-visa-d7\\\/#breadcrumb\",\"itemListElement\":[{\"@type\":\"ListItem\",\"position\":1,\"name\":\"Home\",\"item\":\"https:\\\/\\\/melides-group.com\\\/en\\\/\"},{\"@type\":\"ListItem\",\"position\":2,\"name\":\"Golden Visa, NHR, Visa D7\"}]},{\"@type\":\"WebSite\",\"@id\":\"https:\\\/\\\/melides-group.com\\\/en\\\/#website\",\"url\":\"https:\\\/\\\/melides-group.com\\\/en\\\/\",\"name\":\"Melides Group\",\"description\":\"\",\"publisher\":{\"@id\":\"https:\\\/\\\/melides-group.com\\\/en\\\/#organization\"},\"potentialAction\":[{\"@type\":\"SearchAction\",\"target\":{\"@type\":\"EntryPoint\",\"urlTemplate\":\"https:\\\/\\\/melides-group.com\\\/en\\\/?s={search_term_string}\"},\"query-input\":{\"@type\":\"PropertyValueSpecification\",\"valueRequired\":true,\"valueName\":\"search_term_string\"}}],\"inLanguage\":\"pt-PT\"},{\"@type\":\"Organization\",\"@id\":\"https:\\\/\\\/melides-group.com\\\/en\\\/#organization\",\"name\":\"Melides Group\",\"url\":\"https:\\\/\\\/melides-group.com\\\/en\\\/\",\"logo\":{\"@type\":\"ImageObject\",\"inLanguage\":\"pt-PT\",\"@id\":\"https:\\\/\\\/melides-group.com\\\/en\\\/#\\\/schema\\\/logo\\\/image\\\/\",\"url\":\"http:\\\/\\\/melides-group.com\\\/wp-content\\\/uploads\\\/2022\\\/07\\\/logo-melides-group-red-vibrant-1.png\",\"contentUrl\":\"http:\\\/\\\/melides-group.com\\\/wp-content\\\/uploads\\\/2022\\\/07\\\/logo-melides-group-red-vibrant-1.png\",\"width\":800,\"height\":250,\"caption\":\"Melides Group\"},\"image\":{\"@id\":\"https:\\\/\\\/melides-group.com\\\/en\\\/#\\\/schema\\\/logo\\\/image\\\/\"}}]}<\/script>\n<!-- \/ Yoast SEO plugin. -->","yoast_head_json":{"title":"Golden Visa, NHR, Visto D7 | Grupo Melides","robots":{"index":"index","follow":"follow","max-snippet":"max-snippet:-1","max-image-preview":"max-image-preview:large","max-video-preview":"max-video-preview:-1"},"canonical":"https:\/\/melides-group.com\/pt\/visto-dourado-nhr-visa-d7\/","og_locale":"pt_PT","og_type":"article","og_title":"Golden Visa, NHR, Visa D7 | Melides Group","og_description":"Golden Visa, NHR, Visa D7 A new law will be implemented gradually in 2023 by the Portuguese gouvernement that will terminate the advantage of the golden visas for foreign investments. So hurry, before it is too late ! &nbsp; Portugal\u2019s Golden Visa \u2013 A New Landscape The year 2022 marked the beginning of the new &hellip; Golden Visa, NHR, Visa D7 Ler mais &raquo;","og_url":"https:\/\/melides-group.com\/pt\/visto-dourado-nhr-visa-d7\/","og_site_name":"Melides Group","article_modified_time":"2023-09-22T15:31:20+00:00","twitter_card":"summary_large_image","twitter_misc":{"Tempo estimado de leitura":"7 minutos"},"schema":{"@context":"https:\/\/schema.org","@graph":[{"@type":"WebPage","@id":"https:\/\/melides-group.com\/golden-visa-nhr-visa-d7\/","url":"https:\/\/melides-group.com\/golden-visa-nhr-visa-d7\/","name":"Golden Visa, NHR, Visto D7 | Grupo Melides","isPartOf":{"@id":"https:\/\/melides-group.com\/en\/#website"},"datePublished":"2022-08-02T02:06:06+00:00","dateModified":"2023-09-22T15:31:20+00:00","breadcrumb":{"@id":"https:\/\/melides-group.com\/golden-visa-nhr-visa-d7\/#breadcrumb"},"inLanguage":"pt-PT","potentialAction":[{"@type":"ReadAction","target":["https:\/\/melides-group.com\/golden-visa-nhr-visa-d7\/"]}]},{"@type":"BreadcrumbList","@id":"https:\/\/melides-group.com\/golden-visa-nhr-visa-d7\/#breadcrumb","itemListElement":[{"@type":"ListItem","position":1,"name":"Home","item":"https:\/\/melides-group.com\/en\/"},{"@type":"ListItem","position":2,"name":"Golden Visa, NHR, Visa D7"}]},{"@type":"WebSite","@id":"https:\/\/melides-group.com\/en\/#website","url":"https:\/\/melides-group.com\/en\/","name":"Grupo Melides","description":"","publisher":{"@id":"https:\/\/melides-group.com\/en\/#organization"},"potentialAction":[{"@type":"SearchAction","target":{"@type":"EntryPoint","urlTemplate":"https:\/\/melides-group.com\/en\/?s={search_term_string}"},"query-input":{"@type":"PropertyValueSpecification","valueRequired":true,"valueName":"search_term_string"}}],"inLanguage":"pt-PT"},{"@type":"Organization","@id":"https:\/\/melides-group.com\/en\/#organization","name":"Grupo Melides","url":"https:\/\/melides-group.com\/en\/","logo":{"@type":"ImageObject","inLanguage":"pt-PT","@id":"https:\/\/melides-group.com\/en\/#\/schema\/logo\/image\/","url":"http:\/\/melides-group.com\/wp-content\/uploads\/2022\/07\/logo-melides-group-red-vibrant-1.png","contentUrl":"http:\/\/melides-group.com\/wp-content\/uploads\/2022\/07\/logo-melides-group-red-vibrant-1.png","width":800,"height":250,"caption":"Melides Group"},"image":{"@id":"https:\/\/melides-group.com\/en\/#\/schema\/logo\/image\/"}}]}},"_links":{"self":[{"href":"https:\/\/melides-group.com\/pt\/wp-json\/wp\/v2\/pages\/2840","targetHints":{"allow":["GET"]}}],"collection":[{"href":"https:\/\/melides-group.com\/pt\/wp-json\/wp\/v2\/pages"}],"about":[{"href":"https:\/\/melides-group.com\/pt\/wp-json\/wp\/v2\/types\/page"}],"author":[{"embeddable":true,"href":"https:\/\/melides-group.com\/pt\/wp-json\/wp\/v2\/users\/1"}],"replies":[{"embeddable":true,"href":"https:\/\/melides-group.com\/pt\/wp-json\/wp\/v2\/comments?post=2840"}],"version-history":[{"count":2,"href":"https:\/\/melides-group.com\/pt\/wp-json\/wp\/v2\/pages\/2840\/revisions"}],"predecessor-version":[{"id":6815,"href":"https:\/\/melides-group.com\/pt\/wp-json\/wp\/v2\/pages\/2840\/revisions\/6815"}],"wp:attachment":[{"href":"https:\/\/melides-group.com\/pt\/wp-json\/wp\/v2\/media?parent=2840"}],"curies":[{"name":"wp","href":"https:\/\/api.w.org\/{rel}","templated":true}]}}