{"id":2018,"date":"2022-07-03T06:11:47","date_gmt":"2022-07-03T09:11:47","guid":{"rendered":"https:\/\/melides-group.com\/?page_id=2018"},"modified":"2023-09-22T11:20:01","modified_gmt":"2023-09-22T10:20:01","slug":"about","status":"publish","type":"page","link":"https:\/\/melides-group.com\/pt\/quem-somos\/","title":{"rendered":"Quem Somos"},"content":{"rendered":"<div data-elementor-type=\"wp-page\" data-elementor-id=\"2018\" class=\"elementor elementor-2018\" data-elementor-post-type=\"page\">\n\t\t\t\t\t\t<section class=\"elementor-section elementor-top-section elementor-element elementor-element-fd16604 elementor-section-height-min-height elementor-hidden-desktop elementor-hidden-tablet elementor-hidden-mobile elementor-section-boxed elementor-section-height-default elementor-section-items-middle\" data-id=\"fd16604\" data-element_type=\"section\" data-e-type=\"section\" data-settings=\"{&quot;background_background&quot;:&quot;gradient&quot;,&quot;jet_parallax_layout_list&quot;:[]}\">\n\t\t\t\t\t\t\t<div class=\"elementor-background-overlay\"><\/div>\n\t\t\t\t\t\t\t<div class=\"elementor-container elementor-column-gap-no\">\n\t\t\t\t\t<div class=\"elementor-column elementor-col-100 elementor-top-column elementor-element elementor-element-bb4dcba\" data-id=\"bb4dcba\" data-element_type=\"column\" data-e-type=\"column\">\n\t\t\t<div class=\"elementor-widget-wrap elementor-element-populated\">\n\t\t\t\t\t\t<div class=\"elementor-element elementor-element-93703da elementor-widget elementor-widget-heading\" data-id=\"93703da\" data-element_type=\"widget\" data-e-type=\"widget\" data-widget_type=\"heading.default\">\n\t\t\t\t<div class=\"elementor-widget-container\">\n\t\t\t\t\t<h4 class=\"elementor-heading-title elementor-size-default\">Grupo Melides<\/h4>\t\t\t\t<\/div>\n\t\t\t\t<\/div>\n\t\t\t\t<div class=\"elementor-element elementor-element-562e455 elementor-widget-divider--view-line elementor-widget elementor-widget-divider\" data-id=\"562e455\" data-element_type=\"widget\" data-e-type=\"widget\" data-widget_type=\"divider.default\">\n\t\t\t\t<div class=\"elementor-widget-container\">\n\t\t\t\t\t\t\t<div class=\"elementor-divider\">\n\t\t\t<span class=\"elementor-divider-separator\">\n\t\t\t\t\t\t<\/span>\n\t\t<\/div>\n\t\t\t\t\t\t<\/div>\n\t\t\t\t<\/div>\n\t\t\t\t\t<\/div>\n\t\t<\/div>\n\t\t\t\t\t<\/div>\n\t\t<\/section>\n\t\t\t\t<section class=\"elementor-section elementor-top-section elementor-element elementor-element-2e49ecf elementor-section-boxed elementor-section-height-default elementor-section-height-default\" data-id=\"2e49ecf\" data-element_type=\"section\" data-e-type=\"section\" data-settings=\"{&quot;background_background&quot;:&quot;classic&quot;,&quot;jet_parallax_layout_list&quot;:[]}\">\n\t\t\t\t\t\t<div class=\"elementor-container elementor-column-gap-no\">\n\t\t\t\t\t<div class=\"elementor-column elementor-col-100 elementor-top-column elementor-element elementor-element-58c5162\" data-id=\"58c5162\" data-element_type=\"column\" data-e-type=\"column\">\n\t\t\t<div class=\"elementor-widget-wrap elementor-element-populated\">\n\t\t\t\t\t\t<section class=\"elementor-section elementor-inner-section elementor-element elementor-element-263188a elementor-section-boxed elementor-section-height-default elementor-section-height-default\" data-id=\"263188a\" data-element_type=\"section\" data-e-type=\"section\" data-settings=\"{&quot;jet_parallax_layout_list&quot;:[]}\">\n\t\t\t\t\t\t<div class=\"elementor-container elementor-column-gap-default\">\n\t\t\t\t\t<div class=\"elementor-column elementor-col-100 elementor-inner-column elementor-element elementor-element-3acf728\" data-id=\"3acf728\" data-element_type=\"column\" data-e-type=\"column\">\n\t\t\t<div class=\"elementor-widget-wrap elementor-element-populated\">\n\t\t\t\t\t\t<div class=\"elementor-element elementor-element-2cbd566 elementor-widget elementor-widget-heading\" data-id=\"2cbd566\" data-element_type=\"widget\" data-e-type=\"widget\" data-widget_type=\"heading.default\">\n\t\t\t\t<div class=\"elementor-widget-container\">\n\t\t\t\t\t<h2 class=\"elementor-heading-title elementor-size-default\">Quem Somos<\/h2>\t\t\t\t<\/div>\n\t\t\t\t<\/div>\n\t\t\t\t<div class=\"elementor-element elementor-element-656e82e elementor-widget elementor-widget-heading\" data-id=\"656e82e\" data-element_type=\"widget\" data-e-type=\"widget\" data-widget_type=\"heading.default\">\n\t\t\t\t<div class=\"elementor-widget-container\">\n\t\t\t\t\t<h4 class=\"elementor-heading-title elementor-size-default\">O Grupo Melides \u00e9 uma empresa diversificada fundada por.<\/h4>\t\t\t\t<\/div>\n\t\t\t\t<\/div>\n\t\t\t\t\t<\/div>\n\t\t<\/div>\n\t\t\t\t\t<\/div>\n\t\t<\/section>\n\t\t\t\t<section class=\"elementor-section elementor-inner-section elementor-element elementor-element-1d5772a elementor-section-boxed elementor-section-height-default elementor-section-height-default\" data-id=\"1d5772a\" data-element_type=\"section\" data-e-type=\"section\" data-settings=\"{&quot;jet_parallax_layout_list&quot;:[]}\">\n\t\t\t\t\t\t<div class=\"elementor-container elementor-column-gap-default\">\n\t\t\t\t\t<div class=\"elementor-column elementor-col-100 elementor-inner-column elementor-element elementor-element-196f58c\" data-id=\"196f58c\" data-element_type=\"column\" data-e-type=\"column\">\n\t\t\t<div class=\"elementor-widget-wrap\">\n\t\t\t\t\t\t\t<\/div>\n\t\t<\/div>\n\t\t\t\t\t<\/div>\n\t\t<\/section>\n\t\t\t\t\t<\/div>\n\t\t<\/div>\n\t\t\t\t\t<\/div>\n\t\t<\/section>\n\t\t\t\t<section class=\"elementor-section elementor-top-section elementor-element elementor-element-b6f8839 elementor-section-boxed elementor-section-height-default elementor-section-height-default\" data-id=\"b6f8839\" data-element_type=\"section\" data-e-type=\"section\" data-settings=\"{&quot;background_background&quot;:&quot;video&quot;,&quot;background_video_link&quot;:&quot;https:\\\/\\\/www.youtube.com\\\/watch?v=YMS9T2ABhcM&quot;,&quot;background_play_on_mobile&quot;:&quot;yes&quot;,&quot;background_video_start&quot;:69,&quot;jet_parallax_layout_list&quot;:[]}\">\n\t\t\t\t\t\t\t\t<div class=\"elementor-background-video-container\">\n\t\t\t\t\t\t\t\t\t\t\t\t\t<div class=\"elementor-background-video-embed\" role=\"presentation\"><\/div>\n\t\t\t\t\t\t\t\t\t\t\t\t<\/div>\n\t\t\t\t\t\t\t\t\t<div class=\"elementor-background-overlay\"><\/div>\n\t\t\t\t\t\t\t<div class=\"elementor-container elementor-column-gap-no\">\n\t\t\t\t\t<div class=\"elementor-column elementor-col-100 elementor-top-column elementor-element elementor-element-618335b\" data-id=\"618335b\" data-element_type=\"column\" data-e-type=\"column\">\n\t\t\t<div class=\"elementor-widget-wrap elementor-element-populated\">\n\t\t\t\t\t\t<div class=\"elementor-element elementor-element-eeddd07 elementor-widget elementor-widget-heading\" data-id=\"eeddd07\" data-element_type=\"widget\" data-e-type=\"widget\" data-widget_type=\"heading.default\">\n\t\t\t\t<div class=\"elementor-widget-container\">\n\t\t\t\t\t<h2 class=\"elementor-heading-title elementor-size-default\">Podemos construir o seu sonho<\/h2>\t\t\t\t<\/div>\n\t\t\t\t<\/div>\n\t\t\t\t<div class=\"elementor-element elementor-element-7854a7e elementor-widget-divider--view-line elementor-widget elementor-widget-divider\" data-id=\"7854a7e\" data-element_type=\"widget\" data-e-type=\"widget\" data-widget_type=\"divider.default\">\n\t\t\t\t<div class=\"elementor-widget-container\">\n\t\t\t\t\t\t\t<div class=\"elementor-divider\">\n\t\t\t<span class=\"elementor-divider-separator\">\n\t\t\t\t\t\t<\/span>\n\t\t<\/div>\n\t\t\t\t\t\t<\/div>\n\t\t\t\t<\/div>\n\t\t\t\t<div class=\"elementor-element elementor-element-5439118 elementor-widget elementor-widget-heading\" data-id=\"5439118\" data-element_type=\"widget\" data-e-type=\"widget\" data-widget_type=\"heading.default\">\n\t\t\t\t<div class=\"elementor-widget-container\">\n\t\t\t\t\t<h5 class=\"elementor-heading-title elementor-size-default\">Connosco, \u00e9 f\u00e1cil ter a sua casa de sonho, com piscina, spa e gin\u00e1sio<\/h5>\t\t\t\t<\/div>\n\t\t\t\t<\/div>\n\t\t\t\t<div class=\"elementor-element elementor-element-7d5f38a elementor-widget elementor-widget-button\" data-id=\"7d5f38a\" data-element_type=\"widget\" data-e-type=\"widget\" data-widget_type=\"button.default\">\n\t\t\t\t<div class=\"elementor-widget-container\">\n\t\t\t\t\t\t\t\t\t<div class=\"elementor-button-wrapper\">\n\t\t\t\t\t<a class=\"elementor-button elementor-button-link elementor-size-sm\" href=\"https:\/\/melides-group.com\/pt\/#contact-us\">\n\t\t\t\t\t\t<span class=\"elementor-button-content-wrapper\">\n\t\t\t\t\t\t\t\t\t<span class=\"elementor-button-text\">Contacto<\/span>\n\t\t\t\t\t<\/span>\n\t\t\t\t\t<\/a>\n\t\t\t\t<\/div>\n\t\t\t\t\t\t\t\t<\/div>\n\t\t\t\t<\/div>\n\t\t\t\t\t<\/div>\n\t\t<\/div>\n\t\t\t\t\t<\/div>\n\t\t<\/section>\n\t\t\t\t<\/div>","protected":false},"excerpt":{"rendered":"<p>Melides Group About Us Melides Group is a diversified Company founded by Alec PHILIBERT Founder | CEO Alec is a French technology investor, venture builder and board member, with a winning track-record of backing and developing high-performance start-ups that disrupt established, incumbent markets. He has significant cross-border experience, he has operated extensively in South East &hellip;<\/p>\n<p class=\"read-more\"> <a class=\"\" href=\"https:\/\/melides-group.com\/pt\/quem-somos\/\"> <span class=\"screen-reader-text\">Quem Somos<\/span> Ler mais &raquo;<\/a><\/p>","protected":false},"author":1,"featured_media":0,"parent":0,"menu_order":0,"comment_status":"closed","ping_status":"closed","template":"","meta":{"_monsterinsights_skip_tracking":false,"_monsterinsights_sitenote_active":false,"_monsterinsights_sitenote_note":"","_monsterinsights_sitenote_category":0,"site-sidebar-layout":"no-sidebar","site-content-layout":"page-builder","ast-site-content-layout":"","site-content-style":"default","site-sidebar-style":"default","ast-global-header-display":"","ast-banner-title-visibility":"","ast-main-header-display":"","ast-hfb-above-header-display":"","ast-hfb-below-header-display":"","ast-hfb-mobile-header-display":"","site-post-title":"disabled","ast-breadcrumbs-content":"","ast-featured-img":"disabled","footer-sml-layout":"","theme-transparent-header-meta":"","adv-header-id-meta":"","stick-header-meta":"","header-above-stick-meta":"","header-main-stick-meta":"","header-below-stick-meta":"","astra-migrate-meta-layouts":"","footnotes":""},"class_list":["post-2018","page","type-page","status-publish","hentry"],"yoast_head":"<!-- This site is optimized with the Yoast SEO plugin v27.6 - https:\/\/yoast.com\/product\/yoast-seo-wordpress\/ -->\n<title>About | Melides Group<\/title>\n<meta name=\"robots\" content=\"index, follow, max-snippet:-1, max-image-preview:large, max-video-preview:-1\" \/>\n<link rel=\"canonical\" href=\"https:\/\/melides-group.com\/pt\/quem-somos\/\" \/>\n<meta property=\"og:locale\" content=\"pt_PT\" \/>\n<meta property=\"og:type\" content=\"article\" \/>\n<meta property=\"og:title\" content=\"About | Melides Group\" \/>\n<meta property=\"og:description\" content=\"Melides Group About Us Melides Group is a diversified Company founded by Alec PHILIBERT Founder | CEO Alec is a French technology investor, venture builder and board member, with a winning track-record of backing and developing high-performance start-ups that disrupt established, incumbent markets. He has significant cross-border experience, he has operated extensively in South East &hellip; About Ler mais &raquo;\" \/>\n<meta property=\"og:url\" content=\"https:\/\/melides-group.com\/pt\/quem-somos\/\" \/>\n<meta property=\"og:site_name\" content=\"Melides Group\" \/>\n<meta property=\"article:modified_time\" content=\"2023-09-22T10:20:01+00:00\" \/>\n<meta property=\"og:image\" content=\"http:\/\/melides-group.com\/wp-content\/uploads\/2022\/05\/alec-philibert-melides-group.png\" \/>\n<meta name=\"twitter:card\" content=\"summary_large_image\" \/>\n<meta name=\"twitter:label1\" content=\"Tempo estimado de leitura\" \/>\n\t<meta name=\"twitter:data1\" content=\"2 minutos\" \/>\n<script type=\"application\/ld+json\" class=\"yoast-schema-graph\">{\"@context\":\"https:\\\/\\\/schema.org\",\"@graph\":[{\"@type\":\"WebPage\",\"@id\":\"https:\\\/\\\/melides-group.com\\\/en\\\/about\\\/\",\"url\":\"https:\\\/\\\/melides-group.com\\\/en\\\/about\\\/\",\"name\":\"About | Melides Group\",\"isPartOf\":{\"@id\":\"https:\\\/\\\/melides-group.com\\\/en\\\/#website\"},\"primaryImageOfPage\":{\"@id\":\"https:\\\/\\\/melides-group.com\\\/en\\\/about\\\/#primaryimage\"},\"image\":{\"@id\":\"https:\\\/\\\/melides-group.com\\\/en\\\/about\\\/#primaryimage\"},\"thumbnailUrl\":\"http:\\\/\\\/melides-group.com\\\/wp-content\\\/uploads\\\/2022\\\/05\\\/alec-philibert-melides-group.png\",\"datePublished\":\"2022-07-03T09:11:47+00:00\",\"dateModified\":\"2023-09-22T10:20:01+00:00\",\"breadcrumb\":{\"@id\":\"https:\\\/\\\/melides-group.com\\\/en\\\/about\\\/#breadcrumb\"},\"inLanguage\":\"pt-PT\",\"potentialAction\":[{\"@type\":\"ReadAction\",\"target\":[\"https:\\\/\\\/melides-group.com\\\/en\\\/about\\\/\"]}]},{\"@type\":\"ImageObject\",\"inLanguage\":\"pt-PT\",\"@id\":\"https:\\\/\\\/melides-group.com\\\/en\\\/about\\\/#primaryimage\",\"url\":\"http:\\\/\\\/melides-group.com\\\/wp-content\\\/uploads\\\/2022\\\/05\\\/alec-philibert-melides-group.png\",\"contentUrl\":\"http:\\\/\\\/melides-group.com\\\/wp-content\\\/uploads\\\/2022\\\/05\\\/alec-philibert-melides-group.png\"},{\"@type\":\"BreadcrumbList\",\"@id\":\"https:\\\/\\\/melides-group.com\\\/en\\\/about\\\/#breadcrumb\",\"itemListElement\":[{\"@type\":\"ListItem\",\"position\":1,\"name\":\"Home\",\"item\":\"https:\\\/\\\/melides-group.com\\\/en\\\/\"},{\"@type\":\"ListItem\",\"position\":2,\"name\":\"About\"}]},{\"@type\":\"WebSite\",\"@id\":\"https:\\\/\\\/melides-group.com\\\/en\\\/#website\",\"url\":\"https:\\\/\\\/melides-group.com\\\/en\\\/\",\"name\":\"Melides Group\",\"description\":\"\",\"publisher\":{\"@id\":\"https:\\\/\\\/melides-group.com\\\/en\\\/#organization\"},\"potentialAction\":[{\"@type\":\"SearchAction\",\"target\":{\"@type\":\"EntryPoint\",\"urlTemplate\":\"https:\\\/\\\/melides-group.com\\\/en\\\/?s={search_term_string}\"},\"query-input\":{\"@type\":\"PropertyValueSpecification\",\"valueRequired\":true,\"valueName\":\"search_term_string\"}}],\"inLanguage\":\"pt-PT\"},{\"@type\":\"Organization\",\"@id\":\"https:\\\/\\\/melides-group.com\\\/en\\\/#organization\",\"name\":\"Melides Group\",\"url\":\"https:\\\/\\\/melides-group.com\\\/en\\\/\",\"logo\":{\"@type\":\"ImageObject\",\"inLanguage\":\"pt-PT\",\"@id\":\"https:\\\/\\\/melides-group.com\\\/en\\\/#\\\/schema\\\/logo\\\/image\\\/\",\"url\":\"http:\\\/\\\/melides-group.com\\\/wp-content\\\/uploads\\\/2022\\\/07\\\/logo-melides-group-red-vibrant-1.png\",\"contentUrl\":\"http:\\\/\\\/melides-group.com\\\/wp-content\\\/uploads\\\/2022\\\/07\\\/logo-melides-group-red-vibrant-1.png\",\"width\":800,\"height\":250,\"caption\":\"Melides Group\"},\"image\":{\"@id\":\"https:\\\/\\\/melides-group.com\\\/en\\\/#\\\/schema\\\/logo\\\/image\\\/\"}}]}<\/script>\n<!-- \/ Yoast SEO plugin. -->","yoast_head_json":{"title":"Sobre | Grupo Melides","robots":{"index":"index","follow":"follow","max-snippet":"max-snippet:-1","max-image-preview":"max-image-preview:large","max-video-preview":"max-video-preview:-1"},"canonical":"https:\/\/melides-group.com\/pt\/quem-somos\/","og_locale":"pt_PT","og_type":"article","og_title":"About | Melides Group","og_description":"Melides Group About Us Melides Group is a diversified Company founded by Alec PHILIBERT Founder | CEO Alec is a French technology investor, venture builder and board member, with a winning track-record of backing and developing high-performance start-ups that disrupt established, incumbent markets. He has significant cross-border experience, he has operated extensively in South East &hellip; About Ler mais &raquo;","og_url":"https:\/\/melides-group.com\/pt\/quem-somos\/","og_site_name":"Melides Group","article_modified_time":"2023-09-22T10:20:01+00:00","og_image":[{"url":"http:\/\/melides-group.com\/wp-content\/uploads\/2022\/05\/alec-philibert-melides-group.png","type":"","width":"","height":""}],"twitter_card":"summary_large_image","twitter_misc":{"Tempo estimado de leitura":"2 minutos"},"schema":{"@context":"https:\/\/schema.org","@graph":[{"@type":"WebPage","@id":"https:\/\/melides-group.com\/en\/about\/","url":"https:\/\/melides-group.com\/en\/about\/","name":"Sobre | Grupo Melides","isPartOf":{"@id":"https:\/\/melides-group.com\/en\/#website"},"primaryImageOfPage":{"@id":"https:\/\/melides-group.com\/en\/about\/#primaryimage"},"image":{"@id":"https:\/\/melides-group.com\/en\/about\/#primaryimage"},"thumbnailUrl":"http:\/\/melides-group.com\/wp-content\/uploads\/2022\/05\/alec-philibert-melides-group.png","datePublished":"2022-07-03T09:11:47+00:00","dateModified":"2023-09-22T10:20:01+00:00","breadcrumb":{"@id":"https:\/\/melides-group.com\/en\/about\/#breadcrumb"},"inLanguage":"pt-PT","potentialAction":[{"@type":"ReadAction","target":["https:\/\/melides-group.com\/en\/about\/"]}]},{"@type":"ImageObject","inLanguage":"pt-PT","@id":"https:\/\/melides-group.com\/en\/about\/#primaryimage","url":"http:\/\/melides-group.com\/wp-content\/uploads\/2022\/05\/alec-philibert-melides-group.png","contentUrl":"http:\/\/melides-group.com\/wp-content\/uploads\/2022\/05\/alec-philibert-melides-group.png"},{"@type":"BreadcrumbList","@id":"https:\/\/melides-group.com\/en\/about\/#breadcrumb","itemListElement":[{"@type":"ListItem","position":1,"name":"Home","item":"https:\/\/melides-group.com\/en\/"},{"@type":"ListItem","position":2,"name":"About"}]},{"@type":"WebSite","@id":"https:\/\/melides-group.com\/en\/#website","url":"https:\/\/melides-group.com\/en\/","name":"Grupo Melides","description":"","publisher":{"@id":"https:\/\/melides-group.com\/en\/#organization"},"potentialAction":[{"@type":"SearchAction","target":{"@type":"EntryPoint","urlTemplate":"https:\/\/melides-group.com\/en\/?s={search_term_string}"},"query-input":{"@type":"PropertyValueSpecification","valueRequired":true,"valueName":"search_term_string"}}],"inLanguage":"pt-PT"},{"@type":"Organization","@id":"https:\/\/melides-group.com\/en\/#organization","name":"Grupo Melides","url":"https:\/\/melides-group.com\/en\/","logo":{"@type":"ImageObject","inLanguage":"pt-PT","@id":"https:\/\/melides-group.com\/en\/#\/schema\/logo\/image\/","url":"http:\/\/melides-group.com\/wp-content\/uploads\/2022\/07\/logo-melides-group-red-vibrant-1.png","contentUrl":"http:\/\/melides-group.com\/wp-content\/uploads\/2022\/07\/logo-melides-group-red-vibrant-1.png","width":800,"height":250,"caption":"Melides Group"},"image":{"@id":"https:\/\/melides-group.com\/en\/#\/schema\/logo\/image\/"}}]}},"_links":{"self":[{"href":"https:\/\/melides-group.com\/pt\/wp-json\/wp\/v2\/pages\/2018","targetHints":{"allow":["GET"]}}],"collection":[{"href":"https:\/\/melides-group.com\/pt\/wp-json\/wp\/v2\/pages"}],"about":[{"href":"https:\/\/melides-group.com\/pt\/wp-json\/wp\/v2\/types\/page"}],"author":[{"embeddable":true,"href":"https:\/\/melides-group.com\/pt\/wp-json\/wp\/v2\/users\/1"}],"replies":[{"embeddable":true,"href":"https:\/\/melides-group.com\/pt\/wp-json\/wp\/v2\/comments?post=2018"}],"version-history":[{"count":3,"href":"https:\/\/melides-group.com\/pt\/wp-json\/wp\/v2\/pages\/2018\/revisions"}],"predecessor-version":[{"id":6801,"href":"https:\/\/melides-group.com\/pt\/wp-json\/wp\/v2\/pages\/2018\/revisions\/6801"}],"wp:attachment":[{"href":"https:\/\/melides-group.com\/pt\/wp-json\/wp\/v2\/media?parent=2018"}],"curies":[{"name":"wp","href":"https:\/\/api.w.org\/{rel}","templated":true}]}}