{"id":2840,"date":"2022-08-02T03:06:06","date_gmt":"2022-08-02T02:06:06","guid":{"rendered":"https:\/\/melides-group.com\/?page_id=2840"},"modified":"2023-09-22T16:31:20","modified_gmt":"2023-09-22T15:31:20","slug":"golden-visa-nhr-visa-d7","status":"publish","type":"page","link":"https:\/\/melides-group.com\/fr\/golden-visa-nhr-visa-d7-2\/","title":{"rendered":"Golden Visa, NHR, Visa D7"},"content":{"rendered":"<div data-elementor-type=\"wp-page\" data-elementor-id=\"2840\" class=\"elementor elementor-2840\" data-elementor-post-type=\"page\">\n\t\t\t\t\t\t<section class=\"elementor-section elementor-top-section elementor-element elementor-element-40eacc9 elementor-section-content-middle popup elementor-section-boxed elementor-section-height-default elementor-section-height-default\" data-id=\"40eacc9\" data-element_type=\"section\" data-e-type=\"section\" data-settings=\"{&quot;jet_parallax_layout_list&quot;:[]}\">\n\t\t\t\t\t\t<div class=\"elementor-container elementor-column-gap-no\">\n\t\t\t\t\t<div class=\"elementor-column elementor-col-100 elementor-top-column elementor-element elementor-element-bc364ed\" data-id=\"bc364ed\" data-element_type=\"column\" data-e-type=\"column\">\n\t\t\t<div class=\"elementor-widget-wrap elementor-element-populated\">\n\t\t\t\t\t\t<section class=\"elementor-section elementor-inner-section elementor-element elementor-element-6ba0512 elementor-section-boxed elementor-section-height-default elementor-section-height-default\" data-id=\"6ba0512\" data-element_type=\"section\" data-e-type=\"section\" data-settings=\"{&quot;jet_parallax_layout_list&quot;:[]}\">\n\t\t\t\t\t\t<div class=\"elementor-container elementor-column-gap-default\">\n\t\t\t\t\t<div class=\"elementor-column elementor-col-100 elementor-inner-column elementor-element elementor-element-7ffd815\" data-id=\"7ffd815\" data-element_type=\"column\" data-e-type=\"column\">\n\t\t\t<div class=\"elementor-widget-wrap elementor-element-populated\">\n\t\t\t\t\t\t<div class=\"elementor-element elementor-element-ecae61f elementor-widget elementor-widget-heading\" data-id=\"ecae61f\" data-element_type=\"widget\" data-e-type=\"widget\" data-widget_type=\"heading.default\">\n\t\t\t\t<div class=\"elementor-widget-container\">\n\t\t\t\t\t<h2 class=\"elementor-heading-title elementor-size-default\">Golden Visa, NHR, Visa D7<\/h2>\t\t\t\t<\/div>\n\t\t\t\t<\/div>\n\t\t\t\t<div class=\"elementor-element elementor-element-0d2e673 elementor-widget-divider--view-line elementor-widget elementor-widget-divider\" data-id=\"0d2e673\" data-element_type=\"widget\" data-e-type=\"widget\" data-widget_type=\"divider.default\">\n\t\t\t\t<div class=\"elementor-widget-container\">\n\t\t\t\t\t\t\t<div class=\"elementor-divider\">\n\t\t\t<span class=\"elementor-divider-separator\">\n\t\t\t\t\t\t<\/span>\n\t\t<\/div>\n\t\t\t\t\t\t<\/div>\n\t\t\t\t<\/div>\n\t\t\t\t<div class=\"elementor-element elementor-element-80008cc elementor-widget elementor-widget-text-editor\" data-id=\"80008cc\" data-element_type=\"widget\" data-e-type=\"widget\" data-widget_type=\"text-editor.default\">\n\t\t\t\t<div class=\"elementor-widget-container\">\n\t\t\t\t\t\t\t\t\t<p><\/p>\n<h5 dir=\"ltr\" style=\"text-align: center;\"><span style=\"color: #ff0000;\"><strong>Une nouvelle loi sera mise en \u0153uvre progressivement en 2023 par le gouvernement portugais qui mettra fin \u00e0 l&#039;avantage des visas dor\u00e9s pour les investissements \u00e9trangers. <\/strong><\/span><\/h5>\n<h5 dir=\"ltr\" style=\"text-align: center;\"><span style=\"color: #ff0000;\"><strong>Alors d\u00e9p\u00eachez-vous, avant qu&#039;il ne soit trop tard !<\/strong><\/span><\/h5>\n<hr \/>\n<p>\u00a0<\/p>\n<h6><strong>Visa d'or du Portugal - Un nouveau paysage<\/strong><\/h6>\n<p><\/p>\n<p>L'ann\u00e9e 2022 marque le d\u00e9but des nouvelles r\u00e8gles pour le statut de Golden Visa, fix\u00e9es par le gouvernement portugais et qui sont entr\u00e9es en vigueur le 1er janvier 2022. Si vous avez d\u00e9pos\u00e9 votre demande en 2021, ces nouvelles r\u00e8gles ne vous concernent pas. En revanche, ceux qui ont entam\u00e9 la proc\u00e9dure en 2022, sont confront\u00e9s \u00e0 un paysage bien diff\u00e9rent.<\/p>\n<p><\/p>\n<p>Par les nouvelles du Portugal<\/p>\n<p><\/p>\n<h5><strong>Le Visa d'or<\/strong><\/h5>\n<p><\/p>\n<p>Le Golden Visa a \u00e9t\u00e9 mis en place pour la premi\u00e8re fois en 2012. Avant cela, le monde \u00e9tait confront\u00e9 aux cons\u00e9quences de la crise financi\u00e8re mondiale (GFC) qui nous a tous durement touch\u00e9s et, en particulier, le Portugal. Le pays \u00e9tait d\u00e9j\u00e0 en proie \u00e0 une r\u00e9cession qui avait d\u00e9but\u00e9 en 2003 et l'impact de la crise financi\u00e8re mondiale n'a fait qu'aggraver la situation. En r\u00e9action, parall\u00e8lement aux mesures de relance mon\u00e9taire de la Banque centrale europ\u00e9enne (BCE), le gouvernement a pris des mesures pour encourager les investissements \u00e9trangers dans le pays afin de stimuler l'\u00e9conomie.<\/p>\n<p><\/p>\n<p>L'une des m\u00e9thodes les plus efficaces mises en \u0153uvre est sans aucun doute le \"Golden Visa\", qui permet de r\u00e9sider au Portugal en investissant. Ce syst\u00e8me a permis de collecter pr\u00e8s de 6 milliards d'euros depuis sa cr\u00e9ation.<\/p>\n<p><\/p>\n<h6><strong>Qui est \u00e9ligible ?<\/strong><\/h6>\n<p><\/p>\n<p>Toute personne vivant en dehors de l'UE\/EEE\/Suisse peut poser sa candidature, \u00e0 condition de ne pas avoir de casier judiciaire. Ils devront investir dans l'un des domaines suivants : immobilier ou fonds de capital-risque, transf\u00e9rer un montant important de capitaux, cr\u00e9er une entreprise et cr\u00e9er au moins 5 nouveaux emplois ou faire un don \u00e0 l'\u00c9tat pour la recherche ou le patrimoine national.<\/p>\n<p><\/p>\n<p>De toutes les m\u00e9thodes de qualification, l'investissement dans l'immobilier a \u00e9t\u00e9 de loin le plus populaire.<\/p>\n<p><\/p>\n<h6><strong>Les nouvelles r\u00e8gles<\/strong><\/h6>\n<p><\/p>\n<p>Parmi les changements intervenus depuis le 1er janvier<sup>\u00ba<\/sup>, la plus importante concerne pr\u00e9cis\u00e9ment le march\u00e9 de l'immobilier au Portugal. Jusqu'\u00e0 la fin de l'ann\u00e9e 2021, les demandeurs devaient ainsi acheter un bien immobilier n'importe o\u00f9 au Portugal pour un montant de 500 000 \u20ac.<\/p>\n<p><\/p>\n<p>Bien que le montant minimum d'investissement de 500 000 \u20ac reste inchang\u00e9, les demandeurs ne peuvent plus acheter de propri\u00e9t\u00e9s situ\u00e9es \u00e0 Lisbonne, \u00e0 Porto ou dans une grande partie de l'Algarve, la plupart du littoral n'\u00e9tant plus \u00e9ligible. Les \u00eeles de Mad\u00e8re ou des A\u00e7ores restent enti\u00e8rement \u00e9ligibles, ainsi que la majeure partie de l'int\u00e9rieur du Portugal.<\/p>\n<p><\/p>\n<p>En outre, d'autres exigences sont \u00e9galement entr\u00e9es en vigueur, telles que:<\/p>\n<p><\/p>\n<p>- l'acquisition minimale de parts de certains fonds d'investissement conformes est pass\u00e9e de 350 000 \u00e0 500 000 euros;<\/p>\n<p><\/p>\n<p>- le transfert de capital minimum de 1 000 000 \u20ac est d\u00e9sormais de 1 500 000 \u20ac;<\/p>\n<p><\/p>\n<p>- l'investissement minimum dans les activit\u00e9s de R&amp;D (recherche et d\u00e9veloppement) passe \u00e9galement de 350 000 \u20ac \u00e0 500 000 \u20ac,<\/p>\n<p><\/p>\n<p>- une limite inf\u00e9rieure qui s'applique \u00e9galement dans le cas o\u00f9 vous souhaitez ouvrir une entreprise au Portugal et cr\u00e9er un minimum de 5 emplois.<\/p>\n<p><\/p>\n<h6><strong>Les avantages<\/strong><\/h6>\n<p><\/p>\n<p>Le syst\u00e8me du Golden Visa est officiellement connu sous le nom de permis de s\u00e9jour pour activit\u00e9 d'investissement (ARI). Il donne aux personnes ext\u00e9rieures \u00e0 l'UE la possibilit\u00e9 de demander la nationalit\u00e9 portugaise au bout de 5 ans d'investissement sans avoir \u00e0 r\u00e9sider au Portugal de mani\u00e8re permanente. Pendant les ann\u00e9es interm\u00e9diaires, leur permis de s\u00e9jour leur permettra d'acc\u00e9der sans visa aux autres \u00c9tats Schengen et leur donnera le droit de vivre et de travailler au Portugal, bien qu'il n'y ait aucune obligation \u00e0 cet \u00e9gard. Les demandeurs peuvent \u00e9galement inclure les membres de leur famille imm\u00e9diate dans la m\u00eame demande de visa, ce qui en fait une excellente occasion de donner \u00e0 toute la famille un nouveau d\u00e9part dans une si belle partie du monde.<\/p>\n<p><\/p>\n<p>Il n'y a pas d'implications fiscales pour les candidats \u00e0 ce programme, sauf si vous choisissez de passer plus de 183 jours par an dans le pays, auquel cas vous seriez alors consid\u00e9r\u00e9 comme un r\u00e9sident fiscal. Si tel est le cas, vous pouvez b\u00e9n\u00e9ficier du programme de r\u00e9sidence non habituelle (RNH), qui peut vous offrir une exon\u00e9ration fiscale pendant vos dix premi\u00e8res ann\u00e9es de r\u00e9sidence.<\/p>\n<p><\/p>\n<h6><strong>Les avantages du statut de r\u00e9sident non habituel<\/strong><\/h6>\n<p><\/p>\n<p>Au cours des derni\u00e8res ann\u00e9es, le Portugal a acquis la r\u00e9putation d'\u00eatre le nouveau paradis fiscal pour les personnes fortun\u00e9es et tr\u00e8s fortun\u00e9es<\/p>\n<p><\/p>\n<p>Par les nouvelles du Portugal<\/p>\n<p><\/p>\n<p>Toutes ces personnes souhaitent optimiser leur fiscalit\u00e9 en s'installant dans un pays de l'UE accueillant, discret et s\u00fbr. Elles peuvent le faire gr\u00e2ce \u00e0 un r\u00e9gime fiscal sp\u00e9cial, destin\u00e9 aux r\u00e9sidents non habituels (RNH), qui pr\u00e9sente de nombreux avantages fiscaux int\u00e9ressants.<\/p>\n<p><\/p>\n<p>Le programme offre des all\u00e9gements fiscaux sur certaines sources de revenus \u00e9trangers. Par exemple, vous pouvez percevoir vos revenus de retraite en payant seulement 10 % d'imp\u00f4t ; \u00eatre exon\u00e9r\u00e9 d'imp\u00f4t sur les revenus provenant de dividendes et de redevances ; avoir droit \u00e0 un taux forfaitaire de 20 % sur certains revenus de source \u00e9trang\u00e8re, ceci pour ne mentionner que les principaux avantages. Il convient \u00e9galement de garder \u00e0 l'esprit que le syst\u00e8me portugais ne pr\u00e9voit pas d'imp\u00f4t sur la fortune ou sur les successions.<\/p>\n<p><\/p>\n<p>Pour demander \u00e0 b\u00e9n\u00e9ficier du r\u00e9gime NHR, une personne doit devenir un r\u00e9sident portugais, donc un contribuable portugais - n'ayant pas d\u00e9j\u00e0 \u00e9t\u00e9 dans ce cas au cours des cinq ann\u00e9es pr\u00e9c\u00e9dant la demande - et une autre condition est qu'elle puisse passer au moins 183 jours par ann\u00e9e fiscale au Portugal. Une fois ces conditions remplies, ainsi que quelques autres, la personne est libre de profiter des avantages de cette fiscalit\u00e9 pendant une p\u00e9riode cons\u00e9cutive de 10 ans - une v\u00e9ritable stabilit\u00e9 fiscale.<\/p>\n<p><\/p>\n<p>Outre les avantages offerts par le r\u00e9gime des RND, le Portugal dispose d'un r\u00e9gime fiscal tr\u00e8s favorable, dont voici quelques exemples:<\/p>\n<p><\/p>\n<p>Pas d'imp\u00f4t sur les donations et les successions pour les biens situ\u00e9s en dehors du Portugal. Les h\u00e9ritages ou les donations de biens portugais au conjoint, aux descendants ou aux ascendants sont exon\u00e9r\u00e9s d'imp\u00f4ts.<\/p>\n<p><\/p>\n<p>Les dons \u00e0 d'autres personnes sont soumis \u00e0 un droit de timbre forfaitaire de 10 %.<\/p>\n<p><\/p>\n<p>Pas d'imp\u00f4t sur la fortune et transfert gratuit des fonds vers le Portugal ou l'\u00e9tranger.<\/p>\n<p><\/p>\n<p>Le traitement avantageux des pensions et autres produits d'assurance-vie peut \u00e9galement r\u00e9duire de mani\u00e8re significative la charge fiscale effective sur le capital investi.<\/p>\n<p><\/p>\n<p>Les entreprises portugaises peuvent profiter des r\u00e8gles de non-discrimination de l'UE et des directives europ\u00e9ennes sur les fusions, les dividendes, les int\u00e9r\u00eats et les redevances, ainsi que des conventions de double imposition (CDI) sign\u00e9es par le Portugal.<\/p>\n<p><\/p>\n<p>Les dividendes et les gains en capital obtenus par les entreprises portugaises peuvent b\u00e9n\u00e9ficier d'un r\u00e9gime d'exon\u00e9ration de participation, ce qui fait du Portugal un lieu int\u00e9ressant pour les investissements \u00e0 l'\u00e9tranger.<\/p>\n<p><\/p>\n<h6><strong>Le visa D7 - Permettre aux citoyens non europ\u00e9ens de r\u00e9sider temporairement au Portugal<\/strong><\/h6>\n<p><\/p>\n<p>Au cours des deux derni\u00e8res ann\u00e9es, le Golden Visa et l'accord de r\u00e9sidence non habituelle ont subi des modifications restrictives qui ont eu un impact sur les demandes des clients souhaitant investir au Portugal. En tant que moyen de garantir la r\u00e9sidence et la facilit\u00e9 de d\u00e9placement dans l'espace Schengen, le Portugal a toujours \u00e9t\u00e9 consid\u00e9r\u00e9 comme une destination de premier plan pour les investisseurs et les familles.<\/p>\n<p><\/p>\n<p>Par un r\u00e9sident du Portugal<\/p>\n<p><\/p>\n<p>Le visa D7, plus connu sous le nom de visa de retraite ou de visa de revenu passif, a \u00e9t\u00e9 introduit en 2007 par le gouvernement portugais. Ce visa permet aux citoyens non europ\u00e9ens, de l'EEE et suisses de demander une r\u00e9sidence temporaire au Portugal, \u00e0 condition que le demandeur per\u00e7oive un revenu passif raisonnable et r\u00e9gulier.<\/p>\n<p><\/p>\n<h6><strong>Quels avantages les demandeurs peuvent-ils attendre du visa D7:<\/strong><\/h6>\n<p><\/p>\n<p><strong>1 &#8211;<\/strong> Autorisation de vivre, travailler et\/ou \u00e9tudier au Portugal<\/p>\n<p><\/p>\n<p><strong>2<\/strong> \u2013 Le demandeur peut prolonger le processus pour les enfants et les parents<\/p>\n<p><\/p>\n<p><strong>3 &#8211;<\/strong> Voyage non d\u00e9pendant d&#039;un visa dans l&#039;espace Schengen<\/p>\n<p><\/p>\n<p><strong>4 &#8211;<\/strong> La possibilit\u00e9 de cr\u00e9er une entreprise ou d&#039;accepter un emploi au Portugal<\/p>\n<p><\/p>\n<p><strong>5 &#8211;<\/strong> Profitez \u00e9ventuellement des avantages fiscaux lorsque vous postulez pour le r\u00e9gime de r\u00e9sidence non habituelle<\/p>\n<p><\/p>\n<p><strong>6 &#8211;<\/strong> Apr\u00e8s une p\u00e9riode de 5 ans au cours de laquelle un renouvellement des demandes de visa a \u00e9t\u00e9 suivi, le demandeur peut pr\u00e9tendre \u00e0 la r\u00e9sidence permanente ou \u00e0 la citoyennet\u00e9 portugaise.<\/p>\n<p><\/p>\n<p><\/p>\n<p><strong>7 &#8211;<\/strong> Droits des r\u00e9sidents au Portugal, qui comprennent les soins de sant\u00e9 et l&#039;\u00e9ducation<\/p>\n<p><\/p>\n<h6><strong>Quelles sont les conditions d'\u00e9ligibilit\u00e9 pour le visa D7?<\/strong><\/h6>\n<p><\/p>\n<p><strong>1 &#8211;<\/strong> \u00cates un citoyen non-UE \/ EEE \/ Suisse<\/p>\n<p><\/p>\n<p><strong>2 &#8211;<\/strong> Preuve de fonds pour \u00eatre financi\u00e8rement autonome pendant le s\u00e9jour au Portugal<\/p>\n<p><\/p>\n<p><strong>3 &#8211;<\/strong> Un casier judiciaire vierge<\/p>\n<p><\/p>\n<p><strong>4 &#8211;<\/strong> Preuve d&#039;adresse de r\u00e9sidence au Portugal<\/p>\n<p><\/p>\n<p><strong>5 &#8211;<\/strong> Passer au moins 16 mois au Portugal au cours de la premi\u00e8re p\u00e9riode de candidature de 2 ans<\/p>\n<p><\/p>\n<h6><strong>Quelles sont les exigences en mati\u00e8re de revenus passifs pour l'obtention du visa D7?<\/strong><\/h6>\n<p><\/p>\n<p><strong>1 &#8211;<\/strong> Preuve d&#039;un revenu passif r\u00e9gulier, provenant soit d&#039;une pension, de loyers, de dividendes ou d&#039;investissements financiers<\/p>\n<p><\/p>\n<p><strong>2 &#8211;<\/strong> Il y a des exigences de revenu minimum. Cependant, ceux-ci d\u00e9pendent du nombre de personnes \u00e0 charge incluses dans la demande. Le demandeur doit justifier d&#039;un revenu passif minimum de 8 460 \u20ac par an (+50% pour un conjoint et +30% pour un enfant)<\/p>\n<p><\/p>\n<p><\/p>\n<p><\/p>\n<p><strong>3 &#8211;<\/strong> Il est conseill\u00e9 au demandeur de d\u00e9tenir un montant \u00e9gal \u00e0 12 mois de revenus sur un compte bancaire portugais<\/p>\n<p><\/p>\n<p>Le visa D7 pour revenus passifs pourrait-il \u00eatre la solution pour les ressortissants britanniques apr\u00e8s le Brexit ?\u2028Compte tenu des derni\u00e8res modifications apport\u00e9es aux investissements pour la demande d'un Golden Visa, le visa D7 pourrait \u00eatre la r\u00e9ponse pour les ressortissants britanniques qui n'ont pas les moyens d'investir dans l'immobilier ou qui ne trouvent pas leur maison au bon endroit.<\/p>\n<p><\/p>\n<p>Le visa D7 permet aux ressortissants britanniques de retrouver les droits de l'UE qui ont \u00e9t\u00e9 perdus apr\u00e8s le Brexit, o\u00f9 apr\u00e8s les 6 ans, soit une r\u00e9sidence permanente ou une \u00e9ventuelle citoyennet\u00e9 peut \u00eatre obtenue. Cela permet non seulement de voyager librement au Portugal, mais aussi de voyager dans l'espace Schengen, tout en ayant le droit de travailler, d'\u00e9tudier et de vivre dans n'importe quel pays de l'UE.<\/p>\n<p><\/p>\t\t\t\t\t\t\t\t<\/div>\n\t\t\t\t<\/div>\n\t\t\t\t\t<\/div>\n\t\t<\/div>\n\t\t\t\t\t<\/div>\n\t\t<\/section>\n\t\t\t\t\t<\/div>\n\t\t<\/div>\n\t\t\t\t\t<\/div>\n\t\t<\/section>\n\t\t\t\t<\/div>","protected":false},"excerpt":{"rendered":"<p>Golden Visa, NHR, Visa D7 A new law will be implemented gradually in 2023 by the Portuguese gouvernement that will terminate the advantage of the golden visas for foreign investments. So hurry, before it is too late ! &nbsp; Portugal\u2019s Golden Visa \u2013 A New Landscape The year 2022 marked the beginning of the new &hellip;<\/p>\n<p class=\"read-more\"> <a class=\"\" href=\"https:\/\/melides-group.com\/fr\/golden-visa-nhr-visa-d7-2\/\"> <span class=\"screen-reader-text\">Golden Visa, NHR, Visa D7<\/span> Lire la suite\u00a0\u00bb<\/a><\/p>","protected":false},"author":1,"featured_media":0,"parent":0,"menu_order":0,"comment_status":"closed","ping_status":"closed","template":"","meta":{"_monsterinsights_skip_tracking":false,"_monsterinsights_sitenote_active":false,"_monsterinsights_sitenote_note":"","_monsterinsights_sitenote_category":0,"site-sidebar-layout":"no-sidebar","site-content-layout":"page-builder","ast-site-content-layout":"full-width-container","site-content-style":"unboxed","site-sidebar-style":"unboxed","ast-global-header-display":"","ast-banner-title-visibility":"","ast-main-header-display":"","ast-hfb-above-header-display":"","ast-hfb-below-header-display":"","ast-hfb-mobile-header-display":"","site-post-title":"disabled","ast-breadcrumbs-content":"","ast-featured-img":"disabled","footer-sml-layout":"","theme-transparent-header-meta":"default","adv-header-id-meta":"","stick-header-meta":"","header-above-stick-meta":"","header-main-stick-meta":"","header-below-stick-meta":"","astra-migrate-meta-layouts":"set","footnotes":""},"class_list":["post-2840","page","type-page","status-publish","hentry"],"yoast_head":"<!-- This site is optimized with the Yoast SEO plugin v27.6 - https:\/\/yoast.com\/product\/yoast-seo-wordpress\/ -->\n<title>Golden Visa, NHR, Visa D7 | Melides Group<\/title>\n<meta name=\"robots\" content=\"index, follow, max-snippet:-1, max-image-preview:large, max-video-preview:-1\" \/>\n<link rel=\"canonical\" href=\"https:\/\/melides-group.com\/fr\/golden-visa-nhr-visa-d7-2\/\" \/>\n<meta property=\"og:locale\" content=\"fr_FR\" \/>\n<meta property=\"og:type\" content=\"article\" \/>\n<meta property=\"og:title\" content=\"Golden Visa, NHR, Visa D7 | Melides Group\" \/>\n<meta property=\"og:description\" content=\"Golden Visa, NHR, Visa D7 A new law will be implemented gradually in 2023 by the Portuguese gouvernement that will terminate the advantage of the golden visas for foreign investments. So hurry, before it is too late ! &nbsp; Portugal\u2019s Golden Visa \u2013 A New Landscape The year 2022 marked the beginning of the new &hellip; Golden Visa, NHR, Visa D7 Lire la suite\u00a0\u00bb\" \/>\n<meta property=\"og:url\" content=\"https:\/\/melides-group.com\/fr\/golden-visa-nhr-visa-d7-2\/\" \/>\n<meta property=\"og:site_name\" content=\"Melides Group\" \/>\n<meta property=\"article:modified_time\" content=\"2023-09-22T15:31:20+00:00\" \/>\n<meta name=\"twitter:card\" content=\"summary_large_image\" \/>\n<meta name=\"twitter:label1\" content=\"Dur\u00e9e de lecture estim\u00e9e\" \/>\n\t<meta name=\"twitter:data1\" content=\"7 minutes\" \/>\n<script type=\"application\/ld+json\" class=\"yoast-schema-graph\">{\"@context\":\"https:\\\/\\\/schema.org\",\"@graph\":[{\"@type\":\"WebPage\",\"@id\":\"https:\\\/\\\/melides-group.com\\\/golden-visa-nhr-visa-d7\\\/\",\"url\":\"https:\\\/\\\/melides-group.com\\\/golden-visa-nhr-visa-d7\\\/\",\"name\":\"Golden Visa, NHR, Visa D7 | Melides Group\",\"isPartOf\":{\"@id\":\"https:\\\/\\\/melides-group.com\\\/en\\\/#website\"},\"datePublished\":\"2022-08-02T02:06:06+00:00\",\"dateModified\":\"2023-09-22T15:31:20+00:00\",\"breadcrumb\":{\"@id\":\"https:\\\/\\\/melides-group.com\\\/golden-visa-nhr-visa-d7\\\/#breadcrumb\"},\"inLanguage\":\"fr-FR\",\"potentialAction\":[{\"@type\":\"ReadAction\",\"target\":[\"https:\\\/\\\/melides-group.com\\\/golden-visa-nhr-visa-d7\\\/\"]}]},{\"@type\":\"BreadcrumbList\",\"@id\":\"https:\\\/\\\/melides-group.com\\\/golden-visa-nhr-visa-d7\\\/#breadcrumb\",\"itemListElement\":[{\"@type\":\"ListItem\",\"position\":1,\"name\":\"Home\",\"item\":\"https:\\\/\\\/melides-group.com\\\/en\\\/\"},{\"@type\":\"ListItem\",\"position\":2,\"name\":\"Golden Visa, NHR, Visa D7\"}]},{\"@type\":\"WebSite\",\"@id\":\"https:\\\/\\\/melides-group.com\\\/en\\\/#website\",\"url\":\"https:\\\/\\\/melides-group.com\\\/en\\\/\",\"name\":\"Melides Group\",\"description\":\"\",\"publisher\":{\"@id\":\"https:\\\/\\\/melides-group.com\\\/en\\\/#organization\"},\"potentialAction\":[{\"@type\":\"SearchAction\",\"target\":{\"@type\":\"EntryPoint\",\"urlTemplate\":\"https:\\\/\\\/melides-group.com\\\/en\\\/?s={search_term_string}\"},\"query-input\":{\"@type\":\"PropertyValueSpecification\",\"valueRequired\":true,\"valueName\":\"search_term_string\"}}],\"inLanguage\":\"fr-FR\"},{\"@type\":\"Organization\",\"@id\":\"https:\\\/\\\/melides-group.com\\\/en\\\/#organization\",\"name\":\"Melides Group\",\"url\":\"https:\\\/\\\/melides-group.com\\\/en\\\/\",\"logo\":{\"@type\":\"ImageObject\",\"inLanguage\":\"fr-FR\",\"@id\":\"https:\\\/\\\/melides-group.com\\\/en\\\/#\\\/schema\\\/logo\\\/image\\\/\",\"url\":\"http:\\\/\\\/melides-group.com\\\/wp-content\\\/uploads\\\/2022\\\/07\\\/logo-melides-group-red-vibrant-1.png\",\"contentUrl\":\"http:\\\/\\\/melides-group.com\\\/wp-content\\\/uploads\\\/2022\\\/07\\\/logo-melides-group-red-vibrant-1.png\",\"width\":800,\"height\":250,\"caption\":\"Melides Group\"},\"image\":{\"@id\":\"https:\\\/\\\/melides-group.com\\\/en\\\/#\\\/schema\\\/logo\\\/image\\\/\"}}]}<\/script>\n<!-- \/ Yoast SEO plugin. -->","yoast_head_json":{"title":"Visa d&#039;or, RNH, Visa D7 | Groupe Melides","robots":{"index":"index","follow":"follow","max-snippet":"max-snippet:-1","max-image-preview":"max-image-preview:large","max-video-preview":"max-video-preview:-1"},"canonical":"https:\/\/melides-group.com\/fr\/golden-visa-nhr-visa-d7-2\/","og_locale":"fr_FR","og_type":"article","og_title":"Golden Visa, NHR, Visa D7 | Melides Group","og_description":"Golden Visa, NHR, Visa D7 A new law will be implemented gradually in 2023 by the Portuguese gouvernement that will terminate the advantage of the golden visas for foreign investments. So hurry, before it is too late ! &nbsp; Portugal\u2019s Golden Visa \u2013 A New Landscape The year 2022 marked the beginning of the new &hellip; Golden Visa, NHR, Visa D7 Lire la suite\u00a0\u00bb","og_url":"https:\/\/melides-group.com\/fr\/golden-visa-nhr-visa-d7-2\/","og_site_name":"Melides Group","article_modified_time":"2023-09-22T15:31:20+00:00","twitter_card":"summary_large_image","twitter_misc":{"Dur\u00e9e de lecture estim\u00e9e":"7 minutes"},"schema":{"@context":"https:\/\/schema.org","@graph":[{"@type":"WebPage","@id":"https:\/\/melides-group.com\/golden-visa-nhr-visa-d7\/","url":"https:\/\/melides-group.com\/golden-visa-nhr-visa-d7\/","name":"Visa d&#039;or, RNH, Visa D7 | Groupe Melides","isPartOf":{"@id":"https:\/\/melides-group.com\/en\/#website"},"datePublished":"2022-08-02T02:06:06+00:00","dateModified":"2023-09-22T15:31:20+00:00","breadcrumb":{"@id":"https:\/\/melides-group.com\/golden-visa-nhr-visa-d7\/#breadcrumb"},"inLanguage":"fr-FR","potentialAction":[{"@type":"ReadAction","target":["https:\/\/melides-group.com\/golden-visa-nhr-visa-d7\/"]}]},{"@type":"BreadcrumbList","@id":"https:\/\/melides-group.com\/golden-visa-nhr-visa-d7\/#breadcrumb","itemListElement":[{"@type":"ListItem","position":1,"name":"Home","item":"https:\/\/melides-group.com\/en\/"},{"@type":"ListItem","position":2,"name":"Golden Visa, NHR, Visa D7"}]},{"@type":"WebSite","@id":"https:\/\/melides-group.com\/en\/#website","url":"https:\/\/melides-group.com\/en\/","name":"Groupe Melides","description":"","publisher":{"@id":"https:\/\/melides-group.com\/en\/#organization"},"potentialAction":[{"@type":"SearchAction","target":{"@type":"EntryPoint","urlTemplate":"https:\/\/melides-group.com\/en\/?s={search_term_string}"},"query-input":{"@type":"PropertyValueSpecification","valueRequired":true,"valueName":"search_term_string"}}],"inLanguage":"fr-FR"},{"@type":"Organization","@id":"https:\/\/melides-group.com\/en\/#organization","name":"Groupe Melides","url":"https:\/\/melides-group.com\/en\/","logo":{"@type":"ImageObject","inLanguage":"fr-FR","@id":"https:\/\/melides-group.com\/en\/#\/schema\/logo\/image\/","url":"http:\/\/melides-group.com\/wp-content\/uploads\/2022\/07\/logo-melides-group-red-vibrant-1.png","contentUrl":"http:\/\/melides-group.com\/wp-content\/uploads\/2022\/07\/logo-melides-group-red-vibrant-1.png","width":800,"height":250,"caption":"Melides Group"},"image":{"@id":"https:\/\/melides-group.com\/en\/#\/schema\/logo\/image\/"}}]}},"_links":{"self":[{"href":"https:\/\/melides-group.com\/fr\/wp-json\/wp\/v2\/pages\/2840","targetHints":{"allow":["GET"]}}],"collection":[{"href":"https:\/\/melides-group.com\/fr\/wp-json\/wp\/v2\/pages"}],"about":[{"href":"https:\/\/melides-group.com\/fr\/wp-json\/wp\/v2\/types\/page"}],"author":[{"embeddable":true,"href":"https:\/\/melides-group.com\/fr\/wp-json\/wp\/v2\/users\/1"}],"replies":[{"embeddable":true,"href":"https:\/\/melides-group.com\/fr\/wp-json\/wp\/v2\/comments?post=2840"}],"version-history":[{"count":2,"href":"https:\/\/melides-group.com\/fr\/wp-json\/wp\/v2\/pages\/2840\/revisions"}],"predecessor-version":[{"id":6815,"href":"https:\/\/melides-group.com\/fr\/wp-json\/wp\/v2\/pages\/2840\/revisions\/6815"}],"wp:attachment":[{"href":"https:\/\/melides-group.com\/fr\/wp-json\/wp\/v2\/media?parent=2840"}],"curies":[{"name":"wp","href":"https:\/\/api.w.org\/{rel}","templated":true}]}}