{"id":2041,"date":"2022-07-03T07:02:13","date_gmt":"2022-07-03T10:02:13","guid":{"rendered":"https:\/\/melides-group.com\/?page_id=2041"},"modified":"2022-07-03T07:02:14","modified_gmt":"2022-07-03T10:02:14","slug":"terms-and-conditions","status":"publish","type":"page","link":"https:\/\/melides-group.com\/fr\/termes-et-conditions\/","title":{"rendered":"Termes et conditions"},"content":{"rendered":"<h4 class=\"wp-block-heading\">Termes et conditions<\/h4>\n\n\n\n<p>Bienvenue au groupe Melides !<\/p>\n\n\n\n<p>Ces termes et conditions d\u00e9crivent les r\u00e8gles et r\u00e9glementations d&#039;utilisation du site Web de Melides Group, situ\u00e9 \u00e0 l&#039;adresse https:\/\/melides-group.com\/.<\/p>\n\n\n\n<p>En acc\u00e9dant \u00e0 ce site Web, nous supposons que vous acceptez ces termes et conditions. Ne continuez pas \u00e0 utiliser Melides Group si vous n&#039;acceptez pas de prendre tous les termes et conditions \u00e9nonc\u00e9s sur cette page.<\/p>\n\n\n\n<h4 class=\"wp-block-heading\">Biscuits:<\/h4>\n\n\n\n<p>Le site Web utilise des cookies pour aider \u00e0 personnaliser votre exp\u00e9rience en ligne. En acc\u00e9dant \u00e0 Melides Group, vous avez accept\u00e9 d&#039;utiliser les cookies requis.<\/p>\n\n\n\n<p>Un cookie est un fichier texte plac\u00e9 sur votre disque dur par un serveur de pages Web. Les cookies ne peuvent pas \u00eatre utilis\u00e9s pour ex\u00e9cuter des programmes ou transmettre des virus \u00e0 votre ordinateur. Les cookies vous sont attribu\u00e9s de mani\u00e8re unique et ne peuvent \u00eatre lus que par un serveur Web du domaine qui vous a envoy\u00e9 le cookie.<\/p>\n\n\n\n<p>Nous pouvons utiliser des cookies pour collecter, stocker et suivre des informations \u00e0 des fins statistiques ou marketing pour exploiter notre site Web. Vous avez la possibilit\u00e9 d&#039;accepter ou de refuser les Cookies facultatifs. Certains cookies obligatoires sont n\u00e9cessaires au fonctionnement de notre site Web. Ces cookies ne n\u00e9cessitent pas votre consentement car ils fonctionnent toujours. Veuillez garder \u00e0 l&#039;esprit qu&#039;en acceptant les cookies requis, vous acceptez \u00e9galement les cookies tiers, qui pourraient \u00eatre utilis\u00e9s via des services fournis par des tiers si vous utilisez ces services sur notre site Web, par exemple, une fen\u00eatre d&#039;affichage vid\u00e9o fournie par des tiers et int\u00e9gr\u00e9e dans notre site Web.<\/p>\n\n\n\n<h4 class=\"wp-block-heading\">Licence:<\/h4>\n\n\n\n<p>Sauf indication contraire, Melides Group et\/ou ses conc\u00e9dants d\u00e9tiennent les droits de propri\u00e9t\u00e9 intellectuelle pour tout le mat\u00e9riel sur Melides Group. Tous les droits de propri\u00e9t\u00e9 intellectuelle sont r\u00e9serv\u00e9s. Vous pouvez y acc\u00e9der depuis Melides Group pour votre usage personnel, sous r\u00e9serve des restrictions d\u00e9finies dans les pr\u00e9sentes conditions g\u00e9n\u00e9rales.<\/p>\n\n\n\n<p>Il ne faut pas:<\/p>\n\n\n\n<ul class=\"wp-block-list\"><li>Copier ou republier du mat\u00e9riel de Melides Group<\/li><li>Vendre, louer ou sous-licencier du mat\u00e9riel de Melides Group<\/li><li>Reproduire, dupliquer ou copier le mat\u00e9riel de Melides Group<\/li><li>Redistribuer le contenu de Melides Group<\/li><\/ul>\n\n\n\n<p>Le pr\u00e9sent accord prend effet \u00e0 la date des pr\u00e9sentes.<\/p>\n\n\n\n<p>Certaines parties de ce site Web offrent aux utilisateurs la possibilit\u00e9 de publier et d&#039;\u00e9changer des opinions et des informations dans certaines zones du site Web. Melides Group ne filtre, n&#039;\u00e9dite, ne publie ni ne r\u00e9vise les commentaires avant leur pr\u00e9sence sur le site. Les commentaires ne refl\u00e8tent pas les points de vue et opinions de Melides Group, de ses agents et\/ou de ses soci\u00e9t\u00e9s affili\u00e9es. Les commentaires refl\u00e8tent les points de vue et opinions de la personne qui publie ses points de vue et opinions. Dans la mesure permise par les lois applicables, Melides Group ne sera pas responsable des Commentaires ou de toute responsabilit\u00e9, dommages ou d\u00e9penses caus\u00e9s et\/ou subis \u00e0 la suite de toute utilisation et\/ou publication et\/ou apparition des Commentaires sur ce site Web.<\/p>\n\n\n\n<p>Melides Group se r\u00e9serve le droit de surveiller tous les commentaires et de supprimer tout commentaire pouvant \u00eatre consid\u00e9r\u00e9 comme inappropri\u00e9, offensant ou entra\u00eenant une violation des pr\u00e9sentes conditions g\u00e9n\u00e9rales.<\/p>\n\n\n\n<p>Vous garantissez et d\u00e9clarez que\u00a0:<\/p>\n\n\n\n<ul class=\"wp-block-list\"><li>Vous avez le droit de publier les commentaires sur notre site Web et disposez de toutes les licences et autorisations n\u00e9cessaires pour le faire\u00a0;<\/li><li>Les commentaires n&#039;envahissent aucun droit de propri\u00e9t\u00e9 intellectuelle, y compris, sans s&#039;y limiter, les droits d&#039;auteur, les brevets ou les marques de commerce d&#039;un tiers\u00a0;<\/li><li>Les commentaires ne contiennent aucun contenu diffamatoire, calomnieux, offensant, ind\u00e9cent ou autrement ill\u00e9gal, ce qui constitue une atteinte \u00e0 la vie priv\u00e9e.<\/li><li>Les Commentaires ne seront pas utilis\u00e9s pour solliciter ou promouvoir des activit\u00e9s commerciales ou personnalis\u00e9es ou pr\u00e9senter des activit\u00e9s commerciales ou des activit\u00e9s ill\u00e9gales.<\/li><\/ul>\n\n\n\n<p>Par la pr\u00e9sente, vous accordez \u00e0 Melides Group une licence non exclusive pour utiliser, reproduire, \u00e9diter et autoriser d&#039;autres personnes \u00e0 utiliser, reproduire et \u00e9diter n&#039;importe lequel de vos commentaires sous toutes formes, formats ou supports.<\/p>\n\n\n\n<h4 class=\"wp-block-heading\">Lien hypertexte vers notre contenu\u00a0:<\/h4>\n\n\n\n<p>Les organisations suivantes peuvent cr\u00e9er un lien vers notre site Web sans autorisation \u00e9crite pr\u00e9alable\u00a0:<\/p>\n\n\n\n<ul class=\"wp-block-list\"><li>Organismes gouvernementaux;<\/li><li>Moteurs de recherche;<\/li><li>Organismes de presse\u00a0;<\/li><li>Les distributeurs d&#039;annuaires en ligne peuvent cr\u00e9er un lien vers notre site Web de la m\u00eame mani\u00e8re qu&#039;ils cr\u00e9ent un lien hypertexte vers les sites Web d&#039;autres entreprises r\u00e9pertori\u00e9es\u00a0; et<\/li><li>Entreprises accr\u00e9dit\u00e9es \u00e0 l&#039;\u00e9chelle du syst\u00e8me, \u00e0 l&#039;exception des organisations \u00e0 but non lucratif, des centres commerciaux caritatifs et des groupes de collecte de fonds caritatifs qui ne peuvent pas cr\u00e9er de lien hypertexte vers notre site Web.<\/li><\/ul>\n\n\n\n<p>Ces organisations peuvent cr\u00e9er un lien vers notre page d&#039;accueil, vers des publications ou vers d&#039;autres informations du site Web tant que le lien : (a) n&#039;est en aucun cas trompeur ; (b) n&#039;implique pas faussement le parrainage, l&#039;approbation ou l&#039;approbation de la partie de liaison et de ses produits et\/ou services\u00a0; et (c) s&#039;inscrit dans le contexte du site de la partie de liaison.<\/p>\n\n\n\n<p>Nous pouvons examiner et approuver d&#039;autres demandes de lien provenant des types d&#039;organisations suivants\u00a0:<\/p>\n\n\n\n<ul class=\"wp-block-list\"><li>des sources d&#039;informations sur les consommateurs et\/ou les entreprises bien connues\u00a0;<\/li><li>les sites communautaires dot.com\u00a0;<\/li><li>associations ou autres groupes repr\u00e9sentant des organismes de bienfaisance\u00a0;<\/li><li>distributeurs d&#039;annuaires en ligne;<\/li><li>portails Internet;<\/li><li>des cabinets d&#039;expertise comptable, d&#039;avocats et de conseil ; et<\/li><li>les \u00e9tablissements d&#039;enseignement et les associations professionnelles.<\/li><\/ul>\n\n\n\n<p>Nous approuverons les demandes de lien de ces organisations si nous d\u00e9cidons que\u00a0: (a) le lien ne nous ferait pas para\u00eetre d\u00e9favorable \u00e0 nous-m\u00eames ou \u00e0 nos entreprises accr\u00e9dit\u00e9es\u00a0; (b) l&#039;organisation n&#039;a aucun dossier n\u00e9gatif avec nous\u00a0; (c) le b\u00e9n\u00e9fice pour nous de la visibilit\u00e9 de l&#039;hyperlien compense l&#039;absence de Melides Group ; et (d) le lien se trouve dans le contexte d&#039;informations g\u00e9n\u00e9rales sur les ressources.<\/p>\n\n\n\n<p>Ces organisations peuvent cr\u00e9er un lien vers notre page d&#039;accueil tant que le lien : (a) n&#039;est en aucun cas trompeur ; (b) n&#039;implique pas faussement le parrainage, l&#039;approbation ou l&#039;approbation de la partie de liaison et de ses produits ou services\u00a0; et (c) s&#039;inscrit dans le contexte du site de la partie de liaison.<\/p>\n\n\n\n<p>Si vous \u00eates l&#039;une des organisations \u00e9num\u00e9r\u00e9es au paragraphe 2 ci-dessus et que vous souhaitez cr\u00e9er un lien vers notre site Web, vous devez nous en informer en envoyant un e-mail \u00e0 Melides Group. Veuillez inclure votre nom, le nom de votre organisation, vos coordonn\u00e9es ainsi que l&#039;URL de votre site, une liste de toutes les URL \u00e0 partir desquelles vous avez l&#039;intention de cr\u00e9er un lien vers notre site Web et une liste des URL de notre site vers lesquelles vous souhaitez lien. Attendre 2-3 semaines pour une r\u00e9ponse.<\/p>\n\n\n\n<p>Les organisations approuv\u00e9es peuvent cr\u00e9er un lien hypertexte vers notre site Web comme suit\u00a0:<\/p>\n\n\n\n<ul class=\"wp-block-list\"><li>En utilisant notre d\u00e9nomination sociale\u00a0; ou<\/li><li>En utilisant le localisateur de ressources uniforme auquel il est li\u00e9\u00a0; ou<\/li><li>L&#039;utilisation de toute autre description de notre site Web auquel est li\u00e9 qui a du sens dans le contexte et le format du contenu sur le site de la partie de liaison.<\/li><\/ul>\n\n\n\n<p>Aucune utilisation du logo de Melides Group ou d&#039;autres illustrations ne sera autoris\u00e9e pour le lien en l&#039;absence d&#039;un accord de licence de marque.<\/p>\n\n\n\n<h4 class=\"wp-block-heading\">Responsabilit\u00e9 relative au contenu\u00a0:<\/h4>\n\n\n\n<p>Nous ne serons pas tenus responsables du contenu qui appara\u00eet sur votre site Web. Vous acceptez de nous prot\u00e9ger et de nous d\u00e9fendre contre toutes les r\u00e9clamations qui sont soulev\u00e9es sur votre site Web. Aucun lien ne doit appara\u00eetre sur un site Web pouvant \u00eatre interpr\u00e9t\u00e9 comme diffamatoire, obsc\u00e8ne ou criminel, ou qui enfreint, viole autrement ou pr\u00e9conise la violation ou toute autre violation des droits de tiers.<\/p>\n\n\n\n<h4 class=\"wp-block-heading\">R\u00e9serve de droits\u00a0:<\/h4>\n\n\n\n<p>Nous nous r\u00e9servons le droit de vous demander de supprimer tous les liens ou tout lien particulier vers notre site Web. Vous acceptez de supprimer imm\u00e9diatement tous les liens vers notre site Web sur demande. Nous nous r\u00e9servons \u00e9galement le droit de modifier ces termes et conditions et sa politique de liens \u00e0 tout moment. En vous connectant continuellement \u00e0 notre site Web, vous acceptez d&#039;\u00eatre li\u00e9 et de suivre ces conditions g\u00e9n\u00e9rales de liaison.<\/p>\n\n\n\n<h4 class=\"wp-block-heading\">Suppression de liens de notre site Web\u00a0:<\/h4>\n\n\n\n<p>Si vous trouvez un lien sur notre site Web qui est offensant pour quelque raison que ce soit, vous \u00eates libre de nous contacter et de nous en informer \u00e0 tout moment. Nous examinerons les demandes de suppression de liens, mais nous ne sommes pas oblig\u00e9s de vous r\u00e9pondre directement.<\/p>\n\n\n\n<p>Nous ne garantissons pas que les informations sur ce site Web sont correctes. Nous ne garantissons pas son exhaustivit\u00e9 ou son exactitude, et nous ne promettons pas non plus de garantir que le site Web reste disponible ou que le contenu du site Web est tenu \u00e0 jour.<\/p>\n\n\n\n<h4 class=\"wp-block-heading\">Clause de non-responsabilit\u00e9:<\/h4>\n\n\n\n<p>Dans la mesure maximale permise par la loi applicable, nous excluons toutes les repr\u00e9sentations, garanties et conditions relatives \u00e0 notre site Web et \u00e0 l&#039;utilisation de ce site Web. Rien dans cette clause de non-responsabilit\u00e9\u00a0:<\/p>\n\n\n\n<ul class=\"wp-block-list\"><li>limiter ou exclure notre ou votre responsabilit\u00e9 en cas de d\u00e9c\u00e8s ou de blessures corporelles\u00a0;<\/li><li>limiter ou exclure notre ou votre responsabilit\u00e9 en cas de fraude ou de fausse d\u00e9claration frauduleuse\u00a0;<\/li><li>limiter l&#039;une de nos ou vos responsabilit\u00e9s d&#039;une mani\u00e8re qui n&#039;est pas autoris\u00e9e par la loi applicable\u00a0; ou<\/li><li>exclure l&#039;une de nos ou vos responsabilit\u00e9s qui ne peuvent \u00eatre exclues en vertu de la loi applicable.<\/li><\/ul>\n\n\n\n<p>Les limitations et interdictions de responsabilit\u00e9 \u00e9nonc\u00e9es dans la pr\u00e9sente section et ailleurs dans la pr\u00e9sente clause de non-responsabilit\u00e9\u00a0: (a) sont soumises au paragraphe pr\u00e9c\u00e9dent\u00a0; et (b) r\u00e9gissent toutes les responsabilit\u00e9s d\u00e9coulant de la clause de non-responsabilit\u00e9, y compris les responsabilit\u00e9s contractuelles, d\u00e9lictuelles et pour manquement \u00e0 une obligation l\u00e9gale.<\/p>\n\n\n\n<p>Tant que le site Web et les informations et services sur le site Web sont fournis gratuitement, nous ne serons pas responsables de toute perte ou dommage de quelque nature que ce soit.<\/p>","protected":false},"excerpt":{"rendered":"<p>Terms and Conditions Welcome to Melides Group! These terms and conditions outline the rules and regulations for the use of Melides Group&#8217;s Website, located at https:\/\/melides-group.com\/. By accessing this website, we assume you accept these terms and conditions. Do not continue to use Melides Group if you do not agree to take all of the &hellip;<\/p>\n<p class=\"read-more\"> <a class=\"\" href=\"https:\/\/melides-group.com\/fr\/termes-et-conditions\/\"> <span class=\"screen-reader-text\">Termes et conditions<\/span> Lire la suite\u00a0\u00bb<\/a><\/p>","protected":false},"author":1,"featured_media":0,"parent":0,"menu_order":0,"comment_status":"closed","ping_status":"closed","template":"","meta":{"_monsterinsights_skip_tracking":false,"_monsterinsights_sitenote_active":false,"_monsterinsights_sitenote_note":"","_monsterinsights_sitenote_category":0,"site-sidebar-layout":"default","site-content-layout":"","ast-site-content-layout":"","site-content-style":"default","site-sidebar-style":"default","ast-global-header-display":"","ast-banner-title-visibility":"","ast-main-header-display":"","ast-hfb-above-header-display":"","ast-hfb-below-header-display":"","ast-hfb-mobile-header-display":"","site-post-title":"","ast-breadcrumbs-content":"","ast-featured-img":"","footer-sml-layout":"","theme-transparent-header-meta":"","adv-header-id-meta":"","stick-header-meta":"","header-above-stick-meta":"","header-main-stick-meta":"","header-below-stick-meta":"","astra-migrate-meta-layouts":"","footnotes":""},"class_list":["post-2041","page","type-page","status-publish","hentry"],"yoast_head":"<!-- This site is optimized with the Yoast SEO plugin v27.6 - https:\/\/yoast.com\/product\/yoast-seo-wordpress\/ -->\n<title>Terms and Conditions | Melides Group<\/title>\n<meta name=\"robots\" content=\"index, follow, max-snippet:-1, max-image-preview:large, max-video-preview:-1\" \/>\n<link rel=\"canonical\" href=\"https:\/\/melides-group.com\/fr\/termes-et-conditions\/\" \/>\n<meta property=\"og:locale\" content=\"fr_FR\" \/>\n<meta property=\"og:type\" content=\"article\" \/>\n<meta property=\"og:title\" content=\"Terms and Conditions | Melides Group\" \/>\n<meta property=\"og:description\" content=\"Terms and Conditions Welcome to Melides Group! These terms and conditions outline the rules and regulations for the use of Melides Group&#8217;s Website, located at https:\/\/melides-group.com\/. By accessing this website, we assume you accept these terms and conditions. Do not continue to use Melides Group if you do not agree to take all of the &hellip; Terms and Conditions Lire la suite\u00a0\u00bb\" \/>\n<meta property=\"og:url\" content=\"https:\/\/melides-group.com\/fr\/termes-et-conditions\/\" \/>\n<meta property=\"og:site_name\" content=\"Melides Group\" \/>\n<meta property=\"article:modified_time\" content=\"2022-07-03T10:02:14+00:00\" \/>\n<meta name=\"twitter:card\" content=\"summary_large_image\" \/>\n<meta name=\"twitter:label1\" content=\"Dur\u00e9e de lecture estim\u00e9e\" \/>\n\t<meta name=\"twitter:data1\" content=\"7 minutes\" \/>\n<script type=\"application\/ld+json\" class=\"yoast-schema-graph\">{\"@context\":\"https:\\\/\\\/schema.org\",\"@graph\":[{\"@type\":\"WebPage\",\"@id\":\"https:\\\/\\\/melides-group.com\\\/terms-and-conditions\\\/\",\"url\":\"https:\\\/\\\/melides-group.com\\\/terms-and-conditions\\\/\",\"name\":\"Terms and Conditions | Melides Group\",\"isPartOf\":{\"@id\":\"https:\\\/\\\/melides-group.com\\\/en\\\/#website\"},\"datePublished\":\"2022-07-03T10:02:13+00:00\",\"dateModified\":\"2022-07-03T10:02:14+00:00\",\"breadcrumb\":{\"@id\":\"https:\\\/\\\/melides-group.com\\\/terms-and-conditions\\\/#breadcrumb\"},\"inLanguage\":\"fr-FR\",\"potentialAction\":[{\"@type\":\"ReadAction\",\"target\":[\"https:\\\/\\\/melides-group.com\\\/terms-and-conditions\\\/\"]}]},{\"@type\":\"BreadcrumbList\",\"@id\":\"https:\\\/\\\/melides-group.com\\\/terms-and-conditions\\\/#breadcrumb\",\"itemListElement\":[{\"@type\":\"ListItem\",\"position\":1,\"name\":\"Home\",\"item\":\"https:\\\/\\\/melides-group.com\\\/en\\\/\"},{\"@type\":\"ListItem\",\"position\":2,\"name\":\"Terms and Conditions\"}]},{\"@type\":\"WebSite\",\"@id\":\"https:\\\/\\\/melides-group.com\\\/en\\\/#website\",\"url\":\"https:\\\/\\\/melides-group.com\\\/en\\\/\",\"name\":\"Melides Group\",\"description\":\"\",\"publisher\":{\"@id\":\"https:\\\/\\\/melides-group.com\\\/en\\\/#organization\"},\"potentialAction\":[{\"@type\":\"SearchAction\",\"target\":{\"@type\":\"EntryPoint\",\"urlTemplate\":\"https:\\\/\\\/melides-group.com\\\/en\\\/?s={search_term_string}\"},\"query-input\":{\"@type\":\"PropertyValueSpecification\",\"valueRequired\":true,\"valueName\":\"search_term_string\"}}],\"inLanguage\":\"fr-FR\"},{\"@type\":\"Organization\",\"@id\":\"https:\\\/\\\/melides-group.com\\\/en\\\/#organization\",\"name\":\"Melides Group\",\"url\":\"https:\\\/\\\/melides-group.com\\\/en\\\/\",\"logo\":{\"@type\":\"ImageObject\",\"inLanguage\":\"fr-FR\",\"@id\":\"https:\\\/\\\/melides-group.com\\\/en\\\/#\\\/schema\\\/logo\\\/image\\\/\",\"url\":\"http:\\\/\\\/melides-group.com\\\/wp-content\\\/uploads\\\/2022\\\/07\\\/logo-melides-group-red-vibrant-1.png\",\"contentUrl\":\"http:\\\/\\\/melides-group.com\\\/wp-content\\\/uploads\\\/2022\\\/07\\\/logo-melides-group-red-vibrant-1.png\",\"width\":800,\"height\":250,\"caption\":\"Melides Group\"},\"image\":{\"@id\":\"https:\\\/\\\/melides-group.com\\\/en\\\/#\\\/schema\\\/logo\\\/image\\\/\"}}]}<\/script>\n<!-- \/ Yoast SEO plugin. -->","yoast_head_json":{"title":"Termes et Conditions | Groupe Melides","robots":{"index":"index","follow":"follow","max-snippet":"max-snippet:-1","max-image-preview":"max-image-preview:large","max-video-preview":"max-video-preview:-1"},"canonical":"https:\/\/melides-group.com\/fr\/termes-et-conditions\/","og_locale":"fr_FR","og_type":"article","og_title":"Terms and Conditions | Melides Group","og_description":"Terms and Conditions Welcome to Melides Group! These terms and conditions outline the rules and regulations for the use of Melides Group&#8217;s Website, located at https:\/\/melides-group.com\/. By accessing this website, we assume you accept these terms and conditions. Do not continue to use Melides Group if you do not agree to take all of the &hellip; Terms and Conditions Lire la suite\u00a0\u00bb","og_url":"https:\/\/melides-group.com\/fr\/termes-et-conditions\/","og_site_name":"Melides Group","article_modified_time":"2022-07-03T10:02:14+00:00","twitter_card":"summary_large_image","twitter_misc":{"Dur\u00e9e de lecture estim\u00e9e":"7 minutes"},"schema":{"@context":"https:\/\/schema.org","@graph":[{"@type":"WebPage","@id":"https:\/\/melides-group.com\/terms-and-conditions\/","url":"https:\/\/melides-group.com\/terms-and-conditions\/","name":"Termes et Conditions | Groupe Melides","isPartOf":{"@id":"https:\/\/melides-group.com\/en\/#website"},"datePublished":"2022-07-03T10:02:13+00:00","dateModified":"2022-07-03T10:02:14+00:00","breadcrumb":{"@id":"https:\/\/melides-group.com\/terms-and-conditions\/#breadcrumb"},"inLanguage":"fr-FR","potentialAction":[{"@type":"ReadAction","target":["https:\/\/melides-group.com\/terms-and-conditions\/"]}]},{"@type":"BreadcrumbList","@id":"https:\/\/melides-group.com\/terms-and-conditions\/#breadcrumb","itemListElement":[{"@type":"ListItem","position":1,"name":"Home","item":"https:\/\/melides-group.com\/en\/"},{"@type":"ListItem","position":2,"name":"Terms and Conditions"}]},{"@type":"WebSite","@id":"https:\/\/melides-group.com\/en\/#website","url":"https:\/\/melides-group.com\/en\/","name":"Groupe Melides","description":"","publisher":{"@id":"https:\/\/melides-group.com\/en\/#organization"},"potentialAction":[{"@type":"SearchAction","target":{"@type":"EntryPoint","urlTemplate":"https:\/\/melides-group.com\/en\/?s={search_term_string}"},"query-input":{"@type":"PropertyValueSpecification","valueRequired":true,"valueName":"search_term_string"}}],"inLanguage":"fr-FR"},{"@type":"Organization","@id":"https:\/\/melides-group.com\/en\/#organization","name":"Groupe Melides","url":"https:\/\/melides-group.com\/en\/","logo":{"@type":"ImageObject","inLanguage":"fr-FR","@id":"https:\/\/melides-group.com\/en\/#\/schema\/logo\/image\/","url":"http:\/\/melides-group.com\/wp-content\/uploads\/2022\/07\/logo-melides-group-red-vibrant-1.png","contentUrl":"http:\/\/melides-group.com\/wp-content\/uploads\/2022\/07\/logo-melides-group-red-vibrant-1.png","width":800,"height":250,"caption":"Melides Group"},"image":{"@id":"https:\/\/melides-group.com\/en\/#\/schema\/logo\/image\/"}}]}},"_links":{"self":[{"href":"https:\/\/melides-group.com\/fr\/wp-json\/wp\/v2\/pages\/2041","targetHints":{"allow":["GET"]}}],"collection":[{"href":"https:\/\/melides-group.com\/fr\/wp-json\/wp\/v2\/pages"}],"about":[{"href":"https:\/\/melides-group.com\/fr\/wp-json\/wp\/v2\/types\/page"}],"author":[{"embeddable":true,"href":"https:\/\/melides-group.com\/fr\/wp-json\/wp\/v2\/users\/1"}],"replies":[{"embeddable":true,"href":"https:\/\/melides-group.com\/fr\/wp-json\/wp\/v2\/comments?post=2041"}],"version-history":[{"count":0,"href":"https:\/\/melides-group.com\/fr\/wp-json\/wp\/v2\/pages\/2041\/revisions"}],"wp:attachment":[{"href":"https:\/\/melides-group.com\/fr\/wp-json\/wp\/v2\/media?parent=2041"}],"curies":[{"name":"wp","href":"https:\/\/api.w.org\/{rel}","templated":true}]}}